{"id":2,"date":"2024-12-04T02:29:24","date_gmt":"2024-12-04T01:29:24","guid":{"rendered":"https:\/\/fwbarchiv.de\/?page_id=2"},"modified":"2025-04-07T11:43:40","modified_gmt":"2025-04-07T09:43:40","slug":"beispiel-seite","status":"publish","type":"page","link":"https:\/\/fwbarchiv.de\/de_de\/","title":{"rendered":"Willkommen"},"content":{"rendered":"<head><meta name=\"google-site-verification\" content=\"YIcjLukfv_EnDI0krVmBEgmni8bAfsHg5KPzWBrC0Rs\" \/><\/head>\r\n\r\n\r\n<p><\/p>\r\n\r\n\r\n\r\n<p><\/p>\r\n\r\n\r\n\r<!--themify_builder_content-->\n<div id=\"themify_builder_content-2\" data-postid=\"2\" class=\"themify_builder_content themify_builder_content-2 themify_builder tf_clear\">\n                    <div  data-lazy=\"1\" class=\"module_row themify_builder_row tb_3yqz543 tb_first tf_w\">\n                        <div class=\"row_inner col_align_top tb_col_count_1 tf_box tf_rel\">\n                        <div  data-lazy=\"1\" class=\"module_column tb-column col-full tb_tk0p543 first\">\n                    <!-- module text -->\n<div  class=\"module module-text tb_c2qx653   \" data-lazy=\"1\">\n        <div  class=\"tb_text_wrap\">\n        <p><!-- wp:paragraph --><\/p>\n<p>Herzlich willkommen auf der Homepage unseres Zertifikatskurses f\u00fcr kleine internationale Archive und deren Mitarbeitende! Wir freuen uns, Ihnen ein innovatives, praxisnahes und digitales Weiterbildungsangebot pr\u00e4sentieren zu d\u00fcrfen, das speziell auf die Bed\u00fcrfnisse kleiner Archive zugeschnitten ist.<\/p>\n<h2 class=\"mb-2 mt-6 text-lg first:mt-3\">\u00dcber unseren Kurs<\/h2>\n<p><a href=\"https:\/\/fwbarchiv.de\/de_de\/kurse\/\">Unser Kurs besteht aus sechs Modulen, die jeweils \u00fcber einen Zeitraum von zwei Monaten stattfinden.<\/a> Ziel ist es, fundierte Kenntnisse und F\u00e4higkeiten zu vermitteln. Diese sind f\u00fcr den Erhalt, die Pflege und die Digitalisierung von Archivalien unerl\u00e4sslich.Besonderen Wert legen wir auf die Themen \u00dcberlieferungserhalt, Bestandserhalt und die Zug\u00e4nglichmachung von Dokumenten sowie Objekten f\u00fcr zuk\u00fcnftige Forschungsprojekte.<\/p>\n<h3 class=\"mb-2 mt-6 text-lg first:mt-3\">Warum ist dieser Kurs wichtig?<\/h3>\n<p>In einer Zeit, in der das Bewusstsein f\u00fcr kulturelles Erbe stetig w\u00e4chst, ist es unerl\u00e4sslich, dass kleine Archive ihre wertvollen Best\u00e4nde sichern. So k\u00f6nnen sie f\u00fcr nachfolgende Generationen bewahrt werden.Unser Kurs bietet Ihnen die M\u00f6glichkeit, sich mit den Herausforderungen der Aufbewahrung und Zug\u00e4nglichmachung von Dokumenten aus der Kolonialzeit auseinanderzusetzen. Zudem lernen Sie praktische archivfachliche Strategien kennen.Ein weiterer wichtiger Punkt ist die Digitalisierung dieser Best\u00e4nde. Dadurch wird eine Provenienzforschung erm\u00f6glicht, um nach Deutschland verbrachte Dokumente, Gegenst\u00e4nde und Kunstobjekte auffindbar oder wiederfindbar zu machen.<\/p>\n<h3 class=\"mb-2 mt-6 text-lg first:mt-3\">Ihre Vorteile<\/h3>\n<ul class=\"marker:text-textOff list-disc pl-8\">\n<li>\n<p><strong>Praxisnahe Module<\/strong>: Jedes Modul ist so gestaltet, dass Sie theoretisches Wissen direkt in die Praxis umsetzen k\u00f6nnen.<\/p>\n<\/li>\n<li>\n<p><strong>Expertise<\/strong>: Lernen Sie von erfahrenen Fachleuten aus dem Bereich Archivwesen und Digitalisierung.<\/p>\n<\/li>\n<li>\n<p><strong>Netzwerkbildung<\/strong>: Kn\u00fcpfen Sie Kontakte zu anderen Mitarbeitenden kleiner Archive und profitieren Sie von einem wertvollen Austausch.<\/p>\n<\/li>\n<\/ul>\n<p>Wir laden Sie herzlich ein, Teil dieses spannenden Projekts zu werden. Arbeiten Sie gemeinsam mit uns an der Zukunft der kleinen Archive! Entdecken Sie die Module, informieren Sie sich \u00fcber die Anmeldung und werden Sie aktiv im Erhalt unseres kulturellen Erbes!\u00a0<\/p>\n<p><!-- \/wp:paragraph --><\/p>    <\/div>\n<\/div>\n<!-- \/module text -->        <\/div>\n                        <\/div>\n        <\/div>\n                        <div  data-css_id=\"evap700\" data-lazy=\"1\" class=\"module_row themify_builder_row fullwidth_row_container tb_evap700 tf_w\">\n                        <div class=\"row_inner col_align_top tb_col_count_1 tf_box tf_rel\">\n                        <div  data-lazy=\"1\" class=\"module_column tb-column col-full tb_pzay700 first\">\n                    <!-- module fancy heading -->\n<div  class=\"module module-fancy-heading tb_9yoa212 \" data-lazy=\"1\">\n        <h1 class=\"fancy-heading\">\n    <span class=\"main-head tf_block\">\n                                <\/span>\n\n    \n    <span class=\"sub-head tf_block tf_rel\">\n                    Lernen Sie unsere Initiator:innen kennen            <\/span>\n    <\/h1>\n<\/div>\n<!-- \/module fancy heading -->\n        <div  data-lazy=\"1\" class=\"module_subrow themify_builder_sub_row tf_w col_align_middle gutter-none tb_col_count_2 tb_cnup700\">\n                <div  data-lazy=\"1\" class=\"module_column sub_column tb_c9zx700 first\">\n                    <!-- module image -->\n<div  class=\"module module-image tb_gnek701 image-center   tf_mw\" data-lazy=\"1\" data-lax-translate-y=\"(vh*0.7) 0,(vh*0) -70\" data-lax=\"true\">\n        <div class=\"image-wrap tf_rel tf_mw\">\n            <img loading=\"lazy\" decoding=\"async\" src=\"https:\/\/fwbarchiv.de\/wp-content\/uploads\/2024\/12\/P5230755-300x225-600x450.jpg\" width=\"600\" height=\"450\" class=\"wp-post-image wp-image-88\" title=\"OLYMPUS DIGITAL CAMERA\" alt=\"Peg Koedel in einem Dorf in Liberia neben einer Dorfbewohnerin. - Zertifikatskurs f\u00fcr internationale Archive\" srcset=\"https:\/\/fwbarchiv.de\/wp-content\/uploads\/2024\/12\/P5230755-300x225-600x450.jpg 600w, https:\/\/fwbarchiv.de\/wp-content\/uploads\/2024\/12\/P5230755-300x225.jpg 300w, https:\/\/fwbarchiv.de\/wp-content\/uploads\/2024\/12\/P5230755-300x225-240x180.jpg 240w, https:\/\/fwbarchiv.de\/wp-content\/uploads\/2024\/12\/P5230755.jpg 640w\" sizes=\"auto, (max-width: 600px) 100vw, 600px\" \/>    \n        <\/div>\n    <!-- \/image-wrap -->\n    \n        <\/div>\n<!-- \/module image -->        <\/div>\n                    <div  data-lazy=\"1\" class=\"module_column sub_column tb_4oou701 last\">\n                    <!-- module text -->\n<div  class=\"module module-text tb_0959701   \" data-lazy=\"1\">\n        <div  class=\"tb_text_wrap\">\n        <h3><!-- wp:paragraph {\"placeholder\":\"Inhalt\u2026\"} --><\/h3>\n<h3><!-- \/wp:paragraph --><!-- wp:heading {\"style\":{\"elements\":{\"link\":{\"color\":{\"text\":\"#555555\"}}},\"color\":{\"text\":\"#555555\"}}} --><\/h3>\n<p>Wir freuen uns, Ihnen die Projektinitiator:innen unseres\u00a0<strong>Zertifikatskurses f\u00fcr kleine Archive<\/strong> vorzustellen. Diese Fachleute bringen umfangreiche Erfahrungen sowie eine Leidenschaft f\u00fcr das Archivwesen und die Entwicklungszusammenarbeit im internationalen Kontext mit, um den Kurs erfolgreich zu gestalten.<\/p>\n<h2 class=\"wp-block-heading has-text-color has-link-color\">Dipl. Archivarin<\/h2>\n<h2 class=\"wp-block-heading has-text-color has-link-color\">Peg Koedel<\/h2>\n<h3><!-- \/wp:heading --><!-- wp:paragraph --><\/h3>\n<p>Peg Koedel ist eine erfahrene Diplomarchivarin, die sich sowohl national als auch international im Bereich der digitalen Bildung sowie Archivierung engagiert. Nach ihrem Abschluss an der Fachhochschule Potsdam arbeitete sie drei Jahre lang als Koordinatorin der Fernweiterbildung Archiv, wo sie zahlreichen Teilnehmenden und Studierenden eine fundierte archivfachliche Ausbildung erm\u00f6glichte.<\/p>\n<p>Heute ist sie als Dozentin t\u00e4tig und hat digitale Bildungskonzepte f\u00fcr den Archivbereich entwickelt, um die Ausbildung an moderne Anforderungen anzupassen. Ihre internationale Erfahrung umfasst eine zweij\u00e4hrige Beratert\u00e4tigkeit f\u00fcr SEAMEO INNOTECH, ein intergouvernementales Institut in den Philippinen. Dort konzentrierte sie sich auf spielbasierte Bildung und die digitale Archivierung im Rahmen der digitalen Transformation von Institutsabl\u00e4ufen.<\/p>\n<p>Dar\u00fcber hinaus war Peg Koedel in Liberia als Beraterin f\u00fcr die National Adult Education Association of Liberia (NAEAL) aktiv. In dieser Rolle besch\u00e4ftigte sie sich intensiv mit digitaler Bildung im Bereich der Erwachsenenbildung. In dieser Funktion f\u00fchrte sie verschiedene Workshops und Seminare zum Thema digitalen Workflow in Liberia sowie Kamerun durch.<\/p>\n<p>Durch diese vielf\u00e4ltigen Erfahrungen bringt Peg Koedel wertvolle Perspektiven in den\u00a0<strong>Zertifikatskurs f\u00fcr internationale Archive: praxisnahe Weiterbildung zur Digitalisierung, Erhalt von Archivalien und Provenienzforschung f\u00fcr Mitarbeitende<\/strong>\u00a0ein. Diese erm\u00f6glichen es den Teilnehmenden, von bew\u00e4hrten Methoden und innovativen Ans\u00e4tzen zu profitieren.<\/p>\n<h3><!-- \/wp:paragraph --><\/h3>    <\/div>\n<\/div>\n<!-- \/module text -->        <\/div>\n                    <\/div>\n                <div  data-lazy=\"1\" class=\"module_subrow themify_builder_sub_row tf_w col_align_middle gutter-none tb_col_count_2 tb_gpra709\">\n                <div  data-lazy=\"1\" class=\"module_column sub_column tb_d3rq709 first\">\n                    <!-- module text -->\n<div  class=\"module module-text tb_18bz709   \" data-lazy=\"1\">\n        <div  class=\"tb_text_wrap\">\n        <h3><!-- wp:heading {\"style\":{\"elements\":{\"link\":{\"color\":{\"text\":\"#555555\"}}},\"color\":{\"text\":\"#555555\"}}} --><\/h3>\n<h2 class=\"mb-2 mt-6 text-lg first:mt-3\">Dr. Martin Frank<\/h2>\n<p>Dr. Martin Frank ist seit Dezember 2017 Afrikareferent im Berliner Missionswerk (<a href=\"https:\/\/www.berliner-missionswerk.de\/\">BMW<\/a>). Martin Frank hat in Missionstheologie promoviert und mit seiner Familie f\u00fcnf Jahre in Ghana gelebt. Zentraler Aspekt seiner Arbeit ist die Verbindung zu drei lutherischen Kirchen in f\u00fcnf verschiedenen afrikanischen L\u00e4ndern zu halten und die Partnerschaften dorthin auf lokaler Ebene zu begleiten. Diese Kirchen sind historisch mit dem BMW verbunden: Die <a href=\"https:\/\/safrika.org\/elcsa_de.html\">ELCSA<\/a> (Evangelical Lutheran Church in Southern Africa), ELCT (Evangelical Lutheran Church in Tanzania) und die Mekane Yesus Church (EECMY) in \u00c4thiopien. Dazu geh\u00f6rt die Zusammenarbeit in Entwicklungsfragen (Wasserprojekte, Frauenarbeit), das Organisieren von gemeinsamen Projekten wie Jugendaustausche oder Besuchsprogramme. Zus\u00e4tzlich ist Martin Frank in die Provenienzforschung involviert und besch\u00e4ftigt sich mit der Geschichte, der Aufbewahrung und der Ausstellungskonzeption von Archivalien und Objekten, die w\u00e4hrend der Kolonialzeit nach Deutschland gebracht wurden. Aber auch Tageb\u00fccher und Stationsberichte vor allem der Berliner Missionare in Archiven in Berlin sowie auch in Tansania oder S\u00fcdafrika geh\u00f6ren zu seinem Interessengebiet. Welche kulturelle und kirchliche Bedeutung haben diese Archivalien, wie k\u00f6nnen sie weltweit zug\u00e4nglich gemacht werden und den Wissensaustausch f\u00f6rdern, sind Fragen, denen er mit gro\u00dfem Interesse und Engagement nachgeht.<\/p>\n<p>Gemeinsam setzen sich Peg Koedel und Dr. Martin Frank daf\u00fcr ein, dass kleine Archive die notwendigen Werkzeuge sowie Kenntnisse erhalten, um ihre wertvollen Best\u00e4nde zu bewahren und zu digitalisieren.\u00a0<\/p>\n<h3><!-- \/wp:paragraph --><!-- wp:paragraph --><\/h3>\n<h3><!-- \/wp:paragraph --><\/h3>    <\/div>\n<\/div>\n<!-- \/module text -->        <\/div>\n                    <div  data-lazy=\"1\" class=\"module_column sub_column tb_gua0709 last\">\n                    <!-- module image -->\n<div  class=\"module module-image tb_nuwm709 image-center   tf_mw\" data-lazy=\"1\" data-lax-translate-y=\"(vh*0.7) 0,(vh*0) -70\" data-lax=\"true\">\n        <div class=\"image-wrap tf_rel tf_mw\">\n            <img loading=\"lazy\" decoding=\"async\" src=\"https:\/\/fwbarchiv.de\/wp-content\/uploads\/2024\/12\/rsi0000001206762_3EC5E6C7-225x300-600x799.jpg\" width=\"600\" height=\"799\" class=\"wp-post-image wp-image-91\" title=\"rsi0000001206762_3EC5E6C7\" alt=\"Dr. Martin Frank im B\u00fcro des Berliner Missionswerks - Zertifikatskurs f\u00fcr internationale Archive\" srcset=\"https:\/\/fwbarchiv.de\/wp-content\/uploads\/2024\/12\/rsi0000001206762_3EC5E6C7-225x300-600x799.jpg 600w, https:\/\/fwbarchiv.de\/wp-content\/uploads\/2024\/12\/rsi0000001206762_3EC5E6C7-225x300.jpg 225w, https:\/\/fwbarchiv.de\/wp-content\/uploads\/2024\/12\/rsi0000001206762_3EC5E6C7-768x1024.jpg 768w, https:\/\/fwbarchiv.de\/wp-content\/uploads\/2024\/12\/rsi0000001206762_3EC5E6C7.jpg 1100w\" sizes=\"auto, (max-width: 600px) 100vw, 600px\" \/>    \n        <\/div>\n    <!-- \/image-wrap -->\n    \n        <\/div>\n<!-- \/module image -->        <\/div>\n                    <\/div>\n                <\/div>\n                        <\/div>\n        <\/div>\n                        <div  data-css_id=\"whdn121\" data-lazy=\"1\" class=\"module_row themify_builder_row fullwidth_row_container tb_whdn121 tf_w\">\n                        <div class=\"row_inner col_align_top tb_col_count_1 tf_box tf_rel\">\n                        <div  data-lazy=\"1\" class=\"module_column tb-column col-full tb_m8fg121 first\">\n                    <!-- module text -->\n<div  class=\"module module-text tb_arjq122   \" data-lazy=\"1\">\n        <div  class=\"tb_text_wrap\">\n        <h2 class=\"mb-2 mt-6 text-lg first:mt-3\">Unser Engagement f\u00fcr eine offene Gesellschaft<\/h2>    <\/div>\n<\/div>\n<!-- \/module text -->        <div  data-lazy=\"1\" class=\"module_subrow themify_builder_sub_row tf_w col_align_top tb_col_count_3 tb_z9c5122\">\n                <div  data-lazy=\"1\" class=\"module_column sub_column col3-1 tb_l1bo122 first\">\n                    <!-- module feature -->\n<div  class=\"module module-feature tb_7huv122 with-chart layout-icon-top size-small \" data-layout-mobile=\"icon-top\" data-layout-desktop=\"icon-top\" data-lazy=\"1\">\n        <div class=\"module-feature-image tf_textc tf_rel\">\n                            <span class=\"module-feature-chart-html5 tf_box tf_rel tf_inline_b\">\n                                    <svg class=\"tf_abs tf_w tf_h\">\n                    <circle class=\"tb_feature_fill\" r=\"calc(50% - 1.00px)\" cx=\"50%\" cy=\"50%\" stroke-width=\"2\"\/>\n                    <circle class=\"tb_feature_stroke\" r=\"calc(50% - 1.00px)\" cx=\"50%\" cy=\"50%\" stroke=\"#ffffff\" stroke-width=\"2\" data-progress=\"100\" stroke-dasharray=\"0,10000\"\/>\n                                        <\/svg>\n                                <span class=\"chart-html5-circle tf_w tf_h\">\n                                            <em class=\"module-feature-icon tf_rel\" style=\"color:#ffffff\"><svg  class=\"tf_fa tf-fas-door-open\" aria-hidden=\"true\"><use href=\"#tf-fas-door-open\"><\/use><\/svg><\/em>\n                                    <\/span>\n\n                \n            <\/span>\n                <\/div>\n    <div class=\"module-feature-content tf_textc\">\n                    <h3 class=\"module-feature-title\">\n                            Offenheit                        <\/h3>\n                    <div class=\"tb_text_wrap\">\n            <p>Wir arbeiten fast ausschlie\u00dflich mit Open-Source Software.<\/p>        <\/div>\n    <\/div>\n<\/div>\n<!-- \/module feature -->\n        <\/div>\n                    <div  data-lazy=\"1\" class=\"module_column sub_column col3-1 tb_m57i122\">\n                    <!-- module feature -->\n<div  class=\"module module-feature tb_wknz122 with-chart layout-icon-top size-small \" data-layout-mobile=\"icon-top\" data-layout-desktop=\"icon-top\" data-lazy=\"1\">\n        <div class=\"module-feature-image tf_textc tf_rel\">\n                            <span class=\"module-feature-chart-html5 tf_box tf_rel tf_inline_b\">\n                                    <svg class=\"tf_abs tf_w tf_h\">\n                    <circle class=\"tb_feature_fill\" r=\"calc(50% - 1.00px)\" cx=\"50%\" cy=\"50%\" stroke-width=\"2\"\/>\n                    <circle class=\"tb_feature_stroke\" r=\"calc(50% - 1.00px)\" cx=\"50%\" cy=\"50%\" stroke=\"#e4630d\" stroke-width=\"2\" data-progress=\"100\" stroke-dasharray=\"0,10000\"\/>\n                                        <\/svg>\n                                <span class=\"chart-html5-circle tf_w tf_h\">\n                                            <em class=\"module-feature-icon tf_rel\" style=\"color:#e4630d\"><svg  class=\"tf_fa tf-fas-arrows-to-circle\" aria-hidden=\"true\"><use href=\"#tf-fas-arrows-to-circle\"><\/use><\/svg><\/em>\n                                    <\/span>\n\n                \n            <\/span>\n                <\/div>\n    <div class=\"module-feature-content tf_textc\">\n                    <h3 class=\"module-feature-title\">\n                            Kollaboration                        <\/h3>\n                    <div class=\"tb_text_wrap\">\n            <p>Zusammenarbeit zwischen Lernenden und Lehrenden durch die Nutzung gemeinschaftlicher Ressourcen<\/p>        <\/div>\n    <\/div>\n<\/div>\n<!-- \/module feature -->\n        <\/div>\n                    <div  data-lazy=\"1\" class=\"module_column sub_column col3-1 tb_hgt5122 last\">\n                    <!-- module feature -->\n<div  class=\"module module-feature tb_iugq122 with-chart layout-icon-top size-small \" data-layout-mobile=\"icon-top\" data-layout-desktop=\"icon-top\" data-lazy=\"1\">\n        <div class=\"module-feature-image tf_textc tf_rel\">\n                            <span class=\"module-feature-chart-html5 tf_box tf_rel tf_inline_b\">\n                                    <svg class=\"tf_abs tf_w tf_h\">\n                    <circle class=\"tb_feature_fill\" r=\"calc(50% - 1.00px)\" cx=\"50%\" cy=\"50%\" stroke-width=\"2\"\/>\n                    <circle class=\"tb_feature_stroke\" r=\"calc(50% - 1.00px)\" cx=\"50%\" cy=\"50%\" stroke=\"#ffffff\" stroke-width=\"2\" data-progress=\"100\" stroke-dasharray=\"0,10000\"\/>\n                                        <\/svg>\n                                <span class=\"chart-html5-circle tf_w tf_h\">\n                                            <em class=\"module-feature-icon tf_rel\" style=\"color:#ffffff\"><svg  class=\"tf_fa tf-far-eye\" aria-hidden=\"true\"><use href=\"#tf-far-eye\"><\/use><\/svg><\/em>\n                                    <\/span>\n\n                \n            <\/span>\n                <\/div>\n    <div class=\"module-feature-content tf_textc\">\n                    <h3 class=\"module-feature-title\">\n                            Nachhaltigkeit                        <\/h3>\n                    <div class=\"tb_text_wrap\">\n            <p>langfristige Verwendbarkeit und Anpassungsf\u00e4higkeit von Materialien, Wissen und Ressourcen<\/p>        <\/div>\n    <\/div>\n<\/div>\n<!-- \/module feature -->\n        <\/div>\n                    <\/div>\n                <div  data-lazy=\"1\" class=\"module_subrow themify_builder_sub_row tf_w col_align_top tb_col_count_3 tb_wcwh124\">\n                <div  data-lazy=\"1\" class=\"module_column sub_column col3-1 tb_0asp124 first\">\n                    <!-- module feature -->\n<div  class=\"module module-feature tb_dtcy124 with-chart layout-icon-top size-small \" data-layout-mobile=\"icon-top\" data-layout-desktop=\"icon-top\" data-lazy=\"1\">\n        <div class=\"module-feature-image tf_textc tf_rel\">\n                            <span class=\"module-feature-chart-html5 tf_box tf_rel tf_inline_b\">\n                                    <svg class=\"tf_abs tf_w tf_h\">\n                    <circle class=\"tb_feature_fill\" r=\"calc(50% - 1.00px)\" cx=\"50%\" cy=\"50%\" stroke-width=\"2\"\/>\n                    <circle class=\"tb_feature_stroke\" r=\"calc(50% - 1.00px)\" cx=\"50%\" cy=\"50%\" stroke=\"#e4630d\" stroke-width=\"2\" data-progress=\"100\" stroke-dasharray=\"0,10000\"\/>\n                                        <\/svg>\n                                <span class=\"chart-html5-circle tf_w tf_h\">\n                                            <em class=\"module-feature-icon tf_rel\" style=\"color:#e4630d\"><svg  class=\"tf_fa tf-fas-shuffle\" aria-hidden=\"true\"><use href=\"#tf-fas-shuffle\"><\/use><\/svg><\/em>\n                                    <\/span>\n\n                \n            <\/span>\n                <\/div>\n    <div class=\"module-feature-content tf_textc\">\n                    <h3 class=\"module-feature-title\">\n                            Flexibilit\u00e4t                        <\/h3>\n                    <div class=\"tb_text_wrap\">\n            <p>Anpassungsm\u00f6glichkeiten von Kursinhalten und -formaten, die durch Open Source und Creative Commons erm\u00f6glicht werden<\/p>        <\/div>\n    <\/div>\n<\/div>\n<!-- \/module feature -->\n        <\/div>\n                    <div  data-lazy=\"1\" class=\"module_column sub_column col3-1 tb_sg7j124\">\n                    <!-- module feature -->\n<div  class=\"module module-feature tb_4y7b124 with-chart layout-icon-top size-small \" data-layout-mobile=\"icon-top\" data-layout-desktop=\"icon-top\" data-lazy=\"1\">\n        <div class=\"module-feature-image tf_textc tf_rel\">\n                            <span class=\"module-feature-chart-html5 tf_box tf_rel tf_inline_b\">\n                                    <svg class=\"tf_abs tf_w tf_h\">\n                    <circle class=\"tb_feature_fill\" r=\"calc(50% - 1.00px)\" cx=\"50%\" cy=\"50%\" stroke-width=\"2\"\/>\n                    <circle class=\"tb_feature_stroke\" r=\"calc(50% - 1.00px)\" cx=\"50%\" cy=\"50%\" stroke=\"#ffffff\" stroke-width=\"2\" data-progress=\"100\" stroke-dasharray=\"0,10000\"\/>\n                                        <\/svg>\n                                <span class=\"chart-html5-circle tf_w tf_h\">\n                                            <em class=\"module-feature-icon tf_rel\" style=\"color:#ffffff\"><svg  class=\"tf_fa tf-fas-database\" aria-hidden=\"true\"><use href=\"#tf-fas-database\"><\/use><\/svg><\/em>\n                                    <\/span>\n\n                \n            <\/span>\n                <\/div>\n    <div class=\"module-feature-content tf_textc\">\n                    <h3 class=\"module-feature-title\">\n                            Zug\u00e4nglichkeit                        <\/h3>\n                    <div class=\"tb_text_wrap\">\n            <p>Bildungsressourcen sind f\u00fcr alle Nutzenden leicht verf\u00fcgbar, unabh\u00e4ngig von Standort oder Hintergrund<\/p>        <\/div>\n    <\/div>\n<\/div>\n<!-- \/module feature -->\n        <\/div>\n                    <div  data-lazy=\"1\" class=\"module_column sub_column col3-1 tb_sndy125 last\">\n                    <!-- module feature -->\n<div  class=\"module module-feature tb_uuo6125 with-chart layout-icon-top size-small \" data-layout-mobile=\"icon-top\" data-layout-desktop=\"icon-top\" data-lazy=\"1\">\n        <div class=\"module-feature-image tf_textc tf_rel\">\n                            <span class=\"module-feature-chart-html5 tf_box tf_rel tf_inline_b\">\n                                    <svg class=\"tf_abs tf_w tf_h\">\n                    <circle class=\"tb_feature_fill\" r=\"calc(50% - 1.00px)\" cx=\"50%\" cy=\"50%\" stroke-width=\"2\"\/>\n                    <circle class=\"tb_feature_stroke\" r=\"calc(50% - 1.00px)\" cx=\"50%\" cy=\"50%\" stroke=\"#e4630d\" stroke-width=\"2\" data-progress=\"100\" stroke-dasharray=\"0,10000\"\/>\n                                        <\/svg>\n                                <span class=\"chart-html5-circle tf_w tf_h\">\n                                            <em class=\"module-feature-icon tf_rel\" style=\"color:#e4630d\"><svg  class=\"tf_fa tf-fas-file-signature\" aria-hidden=\"true\"><use href=\"#tf-fas-file-signature\"><\/use><\/svg><\/em>\n                                    <\/span>\n\n                \n            <\/span>\n                <\/div>\n    <div class=\"module-feature-content tf_textc\">\n                    <h3 class=\"module-feature-title\">\n                            Micro-Credentials                        <\/h3>\n                    <div class=\"tb_text_wrap\">\n            <p>Erstellung und Anerkennung kleinerer, spezifischer Lernleistungen, die durch digitale Zertifikate oder Badges dokumentiert werden<\/p>        <\/div>\n    <\/div>\n<\/div>\n<!-- \/module feature -->\n        <\/div>\n                    <\/div>\n                <\/div>\n                        <\/div>\n        <\/div>\n                        <div  data-lazy=\"1\" class=\"module_row themify_builder_row tb_n5zg321 tf_w\">\n                        <div class=\"row_inner col_align_top tb_col_count_1 tf_box tf_rel\">\n                        <div  data-lazy=\"1\" class=\"module_column tb-column col-full tb_e30f321 first\">\n                            <\/div>\n                        <\/div>\n        <\/div>\n        <\/div>\n<!--\/themify_builder_content-->\r\n\r\n\r\n\r\n<p><\/p>","protected":false},"excerpt":{"rendered":"","protected":false},"author":1,"featured_media":0,"parent":0,"menu_order":0,"comment_status":"closed","ping_status":"open","template":"","meta":{"_monsterinsights_skip_tracking":false,"_monsterinsights_sitenote_active":false,"_monsterinsights_sitenote_note":"","_monsterinsights_sitenote_category":0,"footnotes":""},"class_list":["post-2","page","type-page","status-publish","hentry","has-post-title","has-post-date","has-post-category","has-post-tag","has-post-comment","has-post-author",""],"aioseo_notices":[],"_links":{"self":[{"href":"https:\/\/fwbarchiv.de\/de_de\/wp-json\/wp\/v2\/pages\/2","targetHints":{"allow":["GET"]}}],"collection":[{"href":"https:\/\/fwbarchiv.de\/de_de\/wp-json\/wp\/v2\/pages"}],"about":[{"href":"https:\/\/fwbarchiv.de\/de_de\/wp-json\/wp\/v2\/types\/page"}],"author":[{"embeddable":true,"href":"https:\/\/fwbarchiv.de\/de_de\/wp-json\/wp\/v2\/users\/1"}],"replies":[{"embeddable":true,"href":"https:\/\/fwbarchiv.de\/de_de\/wp-json\/wp\/v2\/comments?post=2"}],"version-history":[{"count":123,"href":"https:\/\/fwbarchiv.de\/de_de\/wp-json\/wp\/v2\/pages\/2\/revisions"}],"predecessor-version":[{"id":483,"href":"https:\/\/fwbarchiv.de\/de_de\/wp-json\/wp\/v2\/pages\/2\/revisions\/483"}],"wp:attachment":[{"href":"https:\/\/fwbarchiv.de\/de_de\/wp-json\/wp\/v2\/media?parent=2"}],"curies":[{"name":"wp","href":"https:\/\/api.w.org\/{rel}","templated":true}]}}