{"id":27,"date":"2024-12-04T11:07:08","date_gmt":"2024-12-04T10:07:08","guid":{"rendered":"https:\/\/fwbarchiv.de\/?page_id=27"},"modified":"2024-12-09T15:01:24","modified_gmt":"2024-12-09T14:01:24","slug":"kurse","status":"publish","type":"page","link":"https:\/\/fwbarchiv.de\/de_de\/kurse\/","title":{"rendered":"Digitales Curriculum"},"content":{"rendered":"<!--themify_builder_content-->\n<div id=\"themify_builder_content-27\" data-postid=\"27\" class=\"themify_builder_content themify_builder_content-27 themify_builder tf_clear\">\n                    <div  data-lazy=\"1\" class=\"module_row themify_builder_row tb_4ueg896 tb_first tf_w\">\n                        <div class=\"row_inner col_align_top tb_col_count_1 tf_box tf_rel\">\n                        <div  data-lazy=\"1\" class=\"module_column tb-column col-full tb_x3bb897 first\">\n                            <\/div>\n                        <\/div>\n        <\/div>\n                        <div  data-lazy=\"1\" class=\"module_row themify_builder_row tb_hfd5307 tf_w\">\n                        <div class=\"row_inner col_align_top tb_col_count_1 tf_box tf_rel\">\n                        <div  data-lazy=\"1\" class=\"module_column tb-column col-full tb_be80307 first\">\n                    <!-- module text -->\n<div  class=\"module module-text tb_esu5516   \" data-lazy=\"1\">\n        <div  class=\"tb_text_wrap\">\n        <p>Sie k\u00f6nnen von \u00fcberall auf der Welt an diesem Kurs teilnehmen. Sogar wie das M\u00e4dchen im Header, das im Kofferraum eines Pick-ups seine Hausaufgaben macht. Dieses Bild, aufgenommen in Liberia w\u00e4hrend einer Autofahrt im nachmitt\u00e4glichen Berufsverkehr, symbolisiert die Flexibilit\u00e4t und Zug\u00e4nglichkeit unseres Programms.<\/p>\n<h2 class=\"mb-2 mt-6 text-lg first:mt-3\">Entdecken Sie unsere Module<\/h2>\n<p>Unser Kurs ist in sechs Module unterteilt. Diese finden jeweils \u00fcber einen Zeitraum von zwei Monaten statt. Jedes Modul ist darauf ausgelegt, Ihnen umfassende Kenntnisse und F\u00e4higkeiten zu vermitteln. So werden Sie in Ihrer T\u00e4tigkeit als Archivmitarbeitende weitergehend qualifiziert.<\/p>    <\/div>\n<\/div>\n<!-- \/module text -->        <\/div>\n                        <\/div>\n        <\/div>\n                        <div  data-lazy=\"1\" class=\"module_row themify_builder_row tb_v6hp390 tf_w\">\n                        <div class=\"row_inner col_align_top tb_col_count_1 tf_box tf_rel\">\n                        <div  data-lazy=\"1\" class=\"module_column tb-column col-full tb_15fr391 first\">\n                    <!-- module text -->\n<div  class=\"module module-text tb_fkma848   \" data-lazy=\"1\">\n        <div  class=\"tb_text_wrap\">\n        <p>Wir freuen uns sehr, Ihnen mitteilen zu k\u00f6nnen, dass wir unsere Lehrinhalte auf der\u00a0<strong>Moodle-Plattform<\/strong>\u00a0anbieten. Moodle stellt ein innovatives und offenes Lernmanagementsystem dar, welches eine interaktive sowie benutzerfreundliche Umgebung f\u00fcr Online-Kurse schafft. Besuchen Sie bitte unsere Seite unter\u00a0<a href=\"https:\/\/academy.fwbarchiv.de\"><strong>academy.fwbarchiv.de<\/strong><\/a>, um auf unsere umfangreichen Bildungsressourcen zuzugreifen und Ihre Lernreise zu beginnen!<\/p>    <\/div>\n<\/div>\n<!-- \/module text -->        <\/div>\n                        <\/div>\n        <\/div>\n                        <div  data-lazy=\"1\" class=\"module_row themify_builder_row tb_fd3d926 tf_w\">\n                        <div class=\"row_inner col_align_top tb_col_count_2 tf_box tf_rel\">\n                        <div  data-lazy=\"1\" class=\"module_column tb-column col4-2 tb_qqbi926 first\">\n                            <div  data-lazy=\"1\" class=\"module_subrow themify_builder_sub_row tf_w col_align_middle gutter-none tb_col_count_2 tb_l9et926\">\n                <div  data-lazy=\"1\" class=\"module_column sub_column col3-2 tb_7717926 first\">\n                    <!-- module image -->\n<div  class=\"module module-image tb_bbxs927 image-center rounded drop-shadow bordered  tf_mw\" data-lazy=\"1\">\n        <div class=\"image-wrap tf_rel tf_mw\">\n            <img loading=\"lazy\" decoding=\"async\" src=\"https:\/\/fwbarchiv.de\/wp-content\/uploads\/2024\/12\/Kursbild_Grundlagen-500x266.png\" width=\"500\" height=\"266\" class=\"wp-post-image wp-image-208\" title=\"Kursbild_Grundlagen\" alt=\"Eine symbolische Darstellung f\u00fcr das Thema Grundlagen des Archivwesens - Zertifikatskurs f\u00fcr internationale Archive\" srcset=\"https:\/\/fwbarchiv.de\/wp-content\/uploads\/2024\/12\/Kursbild_Grundlagen-500x266.png 500w, https:\/\/fwbarchiv.de\/wp-content\/uploads\/2024\/12\/Kursbild_Grundlagen-18x10.png 18w, https:\/\/fwbarchiv.de\/wp-content\/uploads\/2024\/12\/Kursbild_Grundlagen-360x192.png 360w, https:\/\/fwbarchiv.de\/wp-content\/uploads\/2024\/12\/Kursbild_Grundlagen-337x180.png 337w, https:\/\/fwbarchiv.de\/wp-content\/uploads\/2024\/12\/Kursbild_Grundlagen.png 281w\" sizes=\"auto, (max-width: 500px) 100vw, 500px\" \/>    \n        <\/div>\n    <!-- \/image-wrap -->\n    \n        <\/div>\n<!-- \/module image -->        <\/div>\n                    <div  data-lazy=\"1\" class=\"module_column sub_column col3-1 tb_wa7s927 last\">\n                    <!-- module text -->\n<div  class=\"module module-text tb_s5cw928   \" data-lazy=\"1\">\n        <div  class=\"tb_text_wrap\">\n        <p>Das Programm startet mit dem Bildungsmodul zu den Grundlagen der archivfachlichen T\u00e4tigkeit! Dieses Modul vermittelt Ihnen essentielle Kenntnisse \u00fcber Archivierung, Dokumentenmanagement und die rechtlichen Rahmenbedingungen.<\/p>    <\/div>\n<\/div>\n<!-- \/module text -->        <\/div>\n                    <\/div>\n                <div  data-lazy=\"1\" class=\"module_subrow themify_builder_sub_row tf_w col_align_middle gutter-none tb_col_count_2 tb_5yzs935\">\n                <div  data-lazy=\"1\" class=\"module_column sub_column col3-2 tb_c1ie935 first\">\n                    <!-- module image -->\n<div  class=\"module module-image tb_2au3935 image-center rounded drop-shadow bordered  tf_mw\" data-lazy=\"1\">\n        <div class=\"image-wrap tf_rel tf_mw\">\n            <img loading=\"lazy\" decoding=\"async\" src=\"https:\/\/fwbarchiv.de\/wp-content\/uploads\/2024\/12\/Kursbild_Palaeography-500x266.png\" width=\"500\" height=\"266\" class=\"wp-post-image wp-image-209\" title=\"Kursbild_Palaeography\" alt=\"Eine symbolische Darstellung f\u00fcr das Thema Pal\u00e4ographie - Zertifikatskurs f\u00fcr internationale Archive\" srcset=\"https:\/\/fwbarchiv.de\/wp-content\/uploads\/2024\/12\/Kursbild_Palaeography-500x266.png 500w, https:\/\/fwbarchiv.de\/wp-content\/uploads\/2024\/12\/Kursbild_Palaeography-18x10.png 18w, https:\/\/fwbarchiv.de\/wp-content\/uploads\/2024\/12\/Kursbild_Palaeography-360x192.png 360w, https:\/\/fwbarchiv.de\/wp-content\/uploads\/2024\/12\/Kursbild_Palaeography.png 281w\" sizes=\"auto, (max-width: 500px) 100vw, 500px\" \/>    \n        <\/div>\n    <!-- \/image-wrap -->\n    \n        <\/div>\n<!-- \/module image -->        <\/div>\n                    <div  data-lazy=\"1\" class=\"module_column sub_column col3-1 tb_mavj935 last\">\n                    <!-- module text -->\n<div  class=\"module module-text tb_j04g936   \" data-lazy=\"1\">\n        <div  class=\"tb_text_wrap\">\n        <p>Im dritten Modul wird das Thema\u00a0Pal\u00e4ographie behandelt, die Lehre von alten Schriften. Teilnehmende lernen, verschiedene Schriftarten und deren Entwicklung zu erkennen, um historische Dokumente zu entziffern und zeitlich sowie r\u00e4umlich einzuordnen.<\/p>    <\/div>\n<\/div>\n<!-- \/module text -->        <\/div>\n                    <\/div>\n                <div  data-lazy=\"1\" class=\"module_subrow themify_builder_sub_row tf_w col_align_middle gutter-none tb_col_count_2 tb_hdw0937\">\n                <div  data-lazy=\"1\" class=\"module_column sub_column col3-2 tb_yl80937 first\">\n                    <!-- module image -->\n<div  class=\"module module-image tb_ix2l937 image-center rounded drop-shadow bordered  auto_fullwidth tf_mw\" data-lazy=\"1\">\n        <div class=\"image-wrap tf_rel tf_mw\">\n            <img loading=\"lazy\" decoding=\"async\" src=\"https:\/\/fwbarchiv.de\/wp-content\/uploads\/2024\/12\/Kursbild_Transkription-500x266.png\" width=\"500\" height=\"266\" class=\"wp-post-image wp-image-211\" title=\"Kursbild_Transkription\" alt=\"Eine symbolische Darstellung f\u00fcr das Thema OCR und Textbearbeitung nach dem Scannen von archivischen Materialien - Zertifikatskurs f\u00fcr internationale Archive\" srcset=\"https:\/\/fwbarchiv.de\/wp-content\/uploads\/2024\/12\/Kursbild_Transkription-500x266.png 500w, https:\/\/fwbarchiv.de\/wp-content\/uploads\/2024\/12\/Kursbild_Transkription-18x10.png 18w, https:\/\/fwbarchiv.de\/wp-content\/uploads\/2024\/12\/Kursbild_Transkription.png 281w\" sizes=\"auto, (max-width: 500px) 100vw, 500px\" \/>    \n        <\/div>\n    <!-- \/image-wrap -->\n    \n        <\/div>\n<!-- \/module image -->        <\/div>\n                    <div  data-lazy=\"1\" class=\"module_column sub_column col3-1 tb_5gm3937 last\">\n                    <!-- module text -->\n<div  class=\"module module-text tb_co0r937   \" data-lazy=\"1\">\n        <div  class=\"tb_text_wrap\">\n        <p>Im f\u00fcnften Modul geht es darum, die gescannten Dokumente so aufzubereiten, dass sie f\u00fcr Menschen und Maschinen lesbar und interpretierbar werden. Die Teilnehmenden lernen Techniken zur\u00a0Optischen Zeichenerkennung (OCR)\u00a0kennen, um gescannte Inhalte in durchsuchbaren Text umzuwandeln.<\/p>    <\/div>\n<\/div>\n<!-- \/module text -->        <\/div>\n                    <\/div>\n                <\/div>\n                    <div  data-lazy=\"1\" class=\"module_column tb-column col4-2 tb_377m941 last\">\n                            <div  data-lazy=\"1\" class=\"module_subrow themify_builder_sub_row tf_w col_align_middle gutter-none tb_col_count_2 tb_f12g941\">\n                <div  data-lazy=\"1\" class=\"module_column sub_column col3-2 tb_8hso942 first\">\n                    <!-- module image -->\n<div  class=\"module module-image tb_3ftd942 image-center rounded drop-shadow bordered  tf_mw\" data-lazy=\"1\">\n        <div class=\"image-wrap tf_rel tf_mw\">\n            <img loading=\"lazy\" decoding=\"async\" src=\"https:\/\/fwbarchiv.de\/wp-content\/uploads\/2024\/12\/Kursbild_Bestandserhaltung-1000x533.png\" width=\"1000\" height=\"533\" class=\"wp-post-image wp-image-206\" title=\"Kursbild_Bestandserhaltung\" alt=\"Eine symbolische Darstellung f\u00fcr das Thema Bestandserhaltung in Archiven - Zertifikatskurs f\u00fcr internationale Archive\" srcset=\"https:\/\/fwbarchiv.de\/wp-content\/uploads\/2024\/12\/Kursbild_Bestandserhaltung-1000x533.png 1000w, https:\/\/fwbarchiv.de\/wp-content\/uploads\/2024\/12\/Kursbild_Bestandserhaltung-18x10.png 18w, https:\/\/fwbarchiv.de\/wp-content\/uploads\/2024\/12\/Kursbild_Bestandserhaltung-360x192.png 360w, https:\/\/fwbarchiv.de\/wp-content\/uploads\/2024\/12\/Kursbild_Bestandserhaltung-500x266.png 500w, https:\/\/fwbarchiv.de\/wp-content\/uploads\/2024\/12\/Kursbild_Bestandserhaltung.png 281w\" sizes=\"auto, (max-width: 1000px) 100vw, 1000px\" \/>    \n        <\/div>\n    <!-- \/image-wrap -->\n    \n        <\/div>\n<!-- \/module image -->        <\/div>\n                    <div  data-lazy=\"1\" class=\"module_column sub_column col3-1 tb_0qgz942 last\">\n                    <!-- module text -->\n<div  class=\"module module-text tb_nj7v942   \" data-lazy=\"1\">\n        <div  class=\"tb_text_wrap\">\n        <p>Im zweiten Modul erlernen Sie praxisorientiert die Grundlagen der Bestandserhaltung! Dieses Modul vermittelt Ihnen wichtige Techniken und Methoden zum Schutz und zur Konservierung von Kulturg\u00fctern.<\/p>    <\/div>\n<\/div>\n<!-- \/module text -->        <\/div>\n                    <\/div>\n                <div  data-lazy=\"1\" class=\"module_subrow themify_builder_sub_row tf_w col_align_middle gutter-none tb_col_count_2 tb_ud3o944\">\n                <div  data-lazy=\"1\" class=\"module_column sub_column col3-2 tb_emcl945 first\">\n                    <!-- module image -->\n<div  class=\"module module-image tb_9ujr945 image-center rounded drop-shadow bordered  tf_mw\" data-lazy=\"1\">\n        <div class=\"image-wrap tf_rel tf_mw\">\n            <img loading=\"lazy\" decoding=\"async\" src=\"https:\/\/fwbarchiv.de\/wp-content\/uploads\/2024\/12\/Kursbild_Scannen-500x266.png\" width=\"500\" height=\"266\" class=\"wp-post-image wp-image-210\" title=\"Kursbild_Scannen\" alt=\"Eine symbolische Darstellung f\u00fcr das Thema Scannen von archivischen Materialien - Zertifikatskurs f\u00fcr internationale Archive\" srcset=\"https:\/\/fwbarchiv.de\/wp-content\/uploads\/2024\/12\/Kursbild_Scannen-500x266.png 500w, https:\/\/fwbarchiv.de\/wp-content\/uploads\/2024\/12\/Kursbild_Scannen-18x10.png 18w, https:\/\/fwbarchiv.de\/wp-content\/uploads\/2024\/12\/Kursbild_Scannen.png 281w\" sizes=\"auto, (max-width: 500px) 100vw, 500px\" \/>    \n        <\/div>\n    <!-- \/image-wrap -->\n    \n        <\/div>\n<!-- \/module image -->        <\/div>\n                    <div  data-lazy=\"1\" class=\"module_column sub_column col3-1 tb_gtj2945 last\">\n                    <!-- module text -->\n<div  class=\"module module-text tb_wcvd945   \" data-lazy=\"1\">\n        <div  class=\"tb_text_wrap\">\n        <p>Im vierten Modul widmen wir uns den\u00a0Herausforderungen des archivfachlichen Scannens. Die Teilnehmenden erfahren, welche technischen und organisatorischen Aspekte bei der Digitalisierung von Archivbest\u00e4nden zu beachten sind.\u00a0<\/p>    <\/div>\n<\/div>\n<!-- \/module text -->        <\/div>\n                    <\/div>\n                <div  data-lazy=\"1\" class=\"module_subrow themify_builder_sub_row tf_w col_align_middle gutter-none tb_col_count_2 tb_t9qn946\">\n                <div  data-lazy=\"1\" class=\"module_column sub_column col3-2 tb_kboa946 first\">\n                    <!-- module image -->\n<div  class=\"module module-image tb_7cls946 image-center rounded drop-shadow bordered  auto_fullwidth tf_mw\" data-lazy=\"1\">\n        <div class=\"image-wrap tf_rel tf_mw\">\n            <img loading=\"lazy\" decoding=\"async\" src=\"https:\/\/fwbarchiv.de\/wp-content\/uploads\/2024\/12\/Kursbild_digitaleArchivierung-500x266.png\" width=\"500\" height=\"266\" class=\"wp-post-image wp-image-207\" title=\"Kursbild_digitaleArchivierung\" alt=\"Eine symbolische Darstellung f\u00fcr das Thema Digitale Archivierung - Zertifikatskurs f\u00fcr internationale Archive\" srcset=\"https:\/\/fwbarchiv.de\/wp-content\/uploads\/2024\/12\/Kursbild_digitaleArchivierung-500x266.png 500w, https:\/\/fwbarchiv.de\/wp-content\/uploads\/2024\/12\/Kursbild_digitaleArchivierung-18x10.png 18w, https:\/\/fwbarchiv.de\/wp-content\/uploads\/2024\/12\/Kursbild_digitaleArchivierung.png 281w\" sizes=\"auto, (max-width: 500px) 100vw, 500px\" \/>    \n        <\/div>\n    <!-- \/image-wrap -->\n    \n        <\/div>\n<!-- \/module image -->        <\/div>\n                    <div  data-lazy=\"1\" class=\"module_column sub_column col3-1 tb_jehs947 last\">\n                    <!-- module text -->\n<div  class=\"module module-text tb_3xtg947   \" data-lazy=\"1\">\n        <div  class=\"tb_text_wrap\">\n        <p>Im sechsten Modul gehen die Teilnehmenden den Schritt zur\u00a0digitalen Archivierung, indem sie die bis dahin aufbereiteten Dokumente und Unterlagen auf einer\u00a0Open Source Archivplattform\u00a0einpflegen. Hier lernen sie, wie man digitale Best\u00e4nde effizient verwaltet und sicherstellt, dass die Informationen sowohl f\u00fcr Menschen als auch f\u00fcr Maschinen zug\u00e4nglich sind.<\/p>    <\/div>\n<\/div>\n<!-- \/module text -->        <\/div>\n                    <\/div>\n                <\/div>\n                        <\/div>\n        <\/div>\n                        <div  data-lazy=\"1\" class=\"module_row themify_builder_row tb_p5ct342 tf_w\">\n            <span  class=\"builder_row_cover tf_abs\" data-lazy=\"1\"><\/span>            <div class=\"row_inner col_align_top tb_col_count_1 tf_box tf_rel\">\n                        <div  data-lazy=\"1\" class=\"module_column tb-column col-full tb_vzkv342 first\">\n                    <!-- module text -->\n<div  class=\"module module-text tb_zhjv342   \" data-lazy=\"1\">\n        <div  class=\"tb_text_wrap\">\n        <h2>Melden Sie sich an und werden Sie Teil unserer internationalen Archivcommunity.<\/h2>    <\/div>\n<\/div>\n<!-- \/module text --><!-- module text -->\n<div  class=\"module module-text tb_hhoq342   \" data-lazy=\"1\">\n        <div  class=\"tb_text_wrap\">\n        <p>Wenn Sie von unserem Angebot \u00fcberzeugt sind, freuen wir uns \u00fcber Ihre <a href=\"https:\/\/fwbarchiv.de\/de_de\/anmeldung\/\">Anmeldung<\/a>! Nutzen Sie die Gelegenheit, um an unseren spannenden Bildungsmodulen teilzunehmen und wertvolle Kenntnisse zu erwerben.<\/p>    <\/div>\n<\/div>\n<!-- \/module text --><!-- module buttons -->\n<div  class=\"module module-buttons tb_efns342 buttons-horizontal solid  xlarge\" data-lazy=\"1\">\n        <div class=\"module-buttons-item tf_in_flx\">\n                        <a href=\"https:\/\/fwbarchiv.de\/de_de\/anmeldung\/\" class=\"ui builder_button tf_in_flx tb_default_color\" >\n                                                Zur Anmeldung                                        <\/a>\n                <\/div>\n            <\/div>\n<!-- \/module buttons -->\n        <\/div>\n                        <\/div>\n        <\/div>\n        <\/div>\n<!--\/themify_builder_content-->","protected":false},"excerpt":{"rendered":"<p>Sie k\u00f6nnen von \u00fcberall auf der Welt an diesem Kurs teilnehmen. Sogar wie das M\u00e4dchen im Header, das im Kofferraum eines Pick-ups seine Hausaufgaben macht. Dieses Bild, aufgenommen in Liberia w\u00e4hrend einer Autofahrt im nachmitt\u00e4glichen Berufsverkehr, symbolisiert die Flexibilit\u00e4t und Zug\u00e4nglichkeit unseres Programms. Entdecken Sie unsere Module Unser Kurs ist in sechs Module unterteilt. Diese [&hellip;]<\/p>\n","protected":false},"author":1,"featured_media":0,"parent":0,"menu_order":0,"comment_status":"closed","ping_status":"closed","template":"","meta":{"_monsterinsights_skip_tracking":false,"_monsterinsights_sitenote_active":false,"_monsterinsights_sitenote_note":"","_monsterinsights_sitenote_category":0,"footnotes":""},"class_list":["post-27","page","type-page","status-publish","hentry","has-post-title","has-post-date","has-post-category","has-post-tag","has-post-comment","has-post-author",""],"aioseo_notices":[],"_links":{"self":[{"href":"https:\/\/fwbarchiv.de\/de_de\/wp-json\/wp\/v2\/pages\/27","targetHints":{"allow":["GET"]}}],"collection":[{"href":"https:\/\/fwbarchiv.de\/de_de\/wp-json\/wp\/v2\/pages"}],"about":[{"href":"https:\/\/fwbarchiv.de\/de_de\/wp-json\/wp\/v2\/types\/page"}],"author":[{"embeddable":true,"href":"https:\/\/fwbarchiv.de\/de_de\/wp-json\/wp\/v2\/users\/1"}],"replies":[{"embeddable":true,"href":"https:\/\/fwbarchiv.de\/de_de\/wp-json\/wp\/v2\/comments?post=27"}],"version-history":[{"count":40,"href":"https:\/\/fwbarchiv.de\/de_de\/wp-json\/wp\/v2\/pages\/27\/revisions"}],"predecessor-version":[{"id":256,"href":"https:\/\/fwbarchiv.de\/de_de\/wp-json\/wp\/v2\/pages\/27\/revisions\/256"}],"wp:attachment":[{"href":"https:\/\/fwbarchiv.de\/de_de\/wp-json\/wp\/v2\/media?parent=27"}],"curies":[{"name":"wp","href":"https:\/\/api.w.org\/{rel}","templated":true}]}}