{"id":29,"date":"2024-12-04T11:07:47","date_gmt":"2024-12-04T10:07:47","guid":{"rendered":"https:\/\/fwbarchiv.de\/?page_id=29"},"modified":"2024-12-10T08:28:15","modified_gmt":"2024-12-10T07:28:15","slug":"digitaler-campus","status":"publish","type":"page","link":"https:\/\/fwbarchiv.de\/de_de\/digitaler-campus\/","title":{"rendered":"Digitaler Campus"},"content":{"rendered":"<!--themify_builder_content-->\n<div id=\"themify_builder_content-29\" data-postid=\"29\" class=\"themify_builder_content themify_builder_content-29 themify_builder tf_clear\">\n                    <div  data-lazy=\"1\" class=\"module_row themify_builder_row tb_f813572 tb_first tf_w\">\n                        <div class=\"row_inner col_align_top tb_col_count_1 tf_box tf_rel\">\n                        <div  data-lazy=\"1\" class=\"module_column tb-column col-full tb_fco6572 first\">\n                    <!-- module text -->\n<div  class=\"module module-text tb_l3io968   \" data-lazy=\"1\">\n        <div  class=\"tb_text_wrap\">\n        <p>Die\u00a0<a href=\"https:\/\/medienfux.de\"><strong>medienfux gGmbH<\/strong><\/a>\u00a0bietet Ihnen einen digitalen Campus, der auf der Open Source Software\u00a0<a href=\"https:\/\/nextcloud.com\/\"><strong>Nextcloud<\/strong><\/a>\u00a0basiert. Unser Ziel ist es, den Fachaustausch zwischen den Kursteilnehmenden zu f\u00f6rdern und eine interaktive Lernumgebung zu schaffen.<\/p>    <\/div>\n<\/div>\n<!-- \/module text -->        <\/div>\n                        <\/div>\n        <\/div>\n                        <div  data-lazy=\"1\" class=\"module_row themify_builder_row tb_nm5m713 tf_w\">\n                        <div class=\"row_inner col_align_top tb_col_count_1 tf_box tf_rel\">\n                        <div  data-lazy=\"1\" class=\"module_column tb-column col-full tb_0k5q713 first\">\n                    <!-- module text -->\n<div  class=\"module module-text tb_jnfa714   \" data-lazy=\"1\">\n        <div  class=\"tb_text_wrap\">\n        <h2 class=\"mb-2 mt-6 text-lg first:mt-3\">Besondere Features unseres Bildungsprogramms<\/h2>    <\/div>\n<\/div>\n<!-- \/module text -->        <div  data-lazy=\"1\" class=\"module_subrow themify_builder_sub_row tf_w col_align_top gutter-none tb_col_count_2 tb_qt65715\">\n                <div  data-lazy=\"1\" class=\"module_column sub_column col4-2 tb_y36j715 first\">\n                    <!-- module feature -->\n<div  class=\"module module-feature tb_b5c9715 with-chart layout-icon-left size-small \" data-layout-mobile=\"icon-top\" data-layout-desktop=\"icon-left\" data-lazy=\"1\">\n        <div class=\"module-feature-image tf_textc tf_rel\">\n                            <span class=\"module-feature-chart-html5 tf_box tf_rel tf_inline_b\">\n                                    <svg class=\"tf_abs tf_w tf_h\">\n                    <circle class=\"tb_feature_fill\" r=\"calc(50% - 1.00px)\" cx=\"50%\" cy=\"50%\" stroke-width=\"2\"\/>\n                    <circle class=\"tb_feature_stroke\" r=\"calc(50% - 1.00px)\" cx=\"50%\" cy=\"50%\" stroke=\"#fe6500\" stroke-width=\"2\" data-progress=\"100\" stroke-dasharray=\"0,10000\"\/>\n                                        <\/svg>\n                                <span class=\"chart-html5-circle tf_w tf_h\">\n                                            <em class=\"module-feature-icon tf_rel\" style=\"color:#fe6500\"><svg  class=\"tf_fa tf-far-calendar-alt\" aria-hidden=\"true\"><use href=\"#tf-far-calendar-alt\"><\/use><\/svg><\/em>\n                                    <\/span>\n\n                \n            <\/span>\n                <\/div>\n    <div class=\"module-feature-content tf_textc\">\n                    <h3 class=\"module-feature-title\">\n                            Integrierte Kalenderfunktion                        <\/h3>\n                    <div class=\"tb_text_wrap\">\n            <p>Organisieren Sie Ihre Termine effizient mit unserem <a href=\"https:\/\/apps.nextcloud.com\/apps\/calendar\">Nextcloud-Kalender<\/a>. Teilen Sie Kalender mit anderen Teilnehmenden und bleiben Sie stets auf dem Laufenden.<\/p>        <\/div>\n    <\/div>\n<\/div>\n<!-- \/module feature -->\n        <\/div>\n                    <div  data-lazy=\"1\" class=\"module_column sub_column col4-2 tb_wtot716 last\">\n                    <!-- module feature -->\n<div  class=\"module module-feature tb_ahly716 with-chart layout-icon-left size-small \" data-layout-mobile=\"icon-top\" data-layout-desktop=\"icon-left\" data-lazy=\"1\">\n        <div class=\"module-feature-image tf_textc tf_rel\">\n                            <span class=\"module-feature-chart-html5 tf_box tf_rel tf_inline_b\">\n                                    <svg class=\"tf_abs tf_w tf_h\">\n                    <circle class=\"tb_feature_fill\" r=\"calc(50% - 1.00px)\" cx=\"50%\" cy=\"50%\" stroke-width=\"2\"\/>\n                    <circle class=\"tb_feature_stroke\" r=\"calc(50% - 1.00px)\" cx=\"50%\" cy=\"50%\" stroke=\"#fe6500\" stroke-width=\"2\" data-progress=\"100\" stroke-dasharray=\"0,10000\"\/>\n                                        <\/svg>\n                                <span class=\"chart-html5-circle tf_w tf_h\">\n                                            <em class=\"module-feature-icon tf_rel\" style=\"color:#fe6500\"><svg  class=\"tf_fa tf-far-file-alt\" aria-hidden=\"true\"><use href=\"#tf-far-file-alt\"><\/use><\/svg><\/em>\n                                    <\/span>\n\n                \n            <\/span>\n                <\/div>\n    <div class=\"module-feature-content tf_textc\">\n                    <h3 class=\"module-feature-title\">\n                            Collabora Office                        <\/h3>\n                    <div class=\"tb_text_wrap\">\n            <p>Nutzen Sie <a href=\"https:\/\/www.collaboraonline.com\/collabora-office\/\">Collabora als integrierte Office-L\u00f6sung<\/a>, um Dokumente online zu erstellen und gemeinsam zu bearbeiten. Arbeiten Sie in Echtzeit an Texten, Tabellen und Pr\u00e4sentationen.<\/p>        <\/div>\n    <\/div>\n<\/div>\n<!-- \/module feature -->\n        <\/div>\n                    <\/div>\n                <div  data-lazy=\"1\" class=\"module_subrow themify_builder_sub_row tf_w col_align_top gutter-none tb_col_count_2 tb_qwx3730\">\n                <div  data-lazy=\"1\" class=\"module_column sub_column col4-2 tb_jodr730 first\">\n                    <!-- module feature -->\n<div  class=\"module module-feature tb_gqsy730 with-chart layout-icon-left size-small \" data-layout-mobile=\"icon-top\" data-layout-desktop=\"icon-left\" data-lazy=\"1\">\n        <div class=\"module-feature-image tf_textc tf_rel\">\n                            <span class=\"module-feature-chart-html5 tf_box tf_rel tf_inline_b\">\n                                    <svg class=\"tf_abs tf_w tf_h\">\n                    <circle class=\"tb_feature_fill\" r=\"calc(50% - 1.00px)\" cx=\"50%\" cy=\"50%\" stroke-width=\"2\"\/>\n                    <circle class=\"tb_feature_stroke\" r=\"calc(50% - 1.00px)\" cx=\"50%\" cy=\"50%\" stroke=\"#fe6500\" stroke-width=\"2\" data-progress=\"100\" stroke-dasharray=\"0,10000\"\/>\n                                        <\/svg>\n                                <span class=\"chart-html5-circle tf_w tf_h\">\n                                            <em class=\"module-feature-icon tf_rel\" style=\"color:#fe6500\"><svg  class=\"tf_fa tf-far-comments\" aria-hidden=\"true\"><use href=\"#tf-far-comments\"><\/use><\/svg><\/em>\n                                    <\/span>\n\n                \n            <\/span>\n                <\/div>\n    <div class=\"module-feature-content tf_textc\">\n                    <h3 class=\"module-feature-title\">\n                            Nextcloud Talk                        <\/h3>\n                    <div class=\"tb_text_wrap\">\n            <p>Kommunizieren Sie \u00fcber unser Videokonferenzsystem Nextcloud Talk. Planen Sie Meetings und tauschen Sie sich direkt mit anderen Teilnehmenden aus \u2013 alles innerhalb einer sicheren Umgebung.<\/p>        <\/div>\n    <\/div>\n<\/div>\n<!-- \/module feature -->\n        <\/div>\n                    <div  data-lazy=\"1\" class=\"module_column sub_column col4-2 tb_230b730 last\">\n                    <!-- module feature -->\n<div  class=\"module module-feature tb_wxut730 with-chart layout-icon-left size-small \" data-layout-mobile=\"icon-top\" data-layout-desktop=\"icon-left\" data-lazy=\"1\">\n        <div class=\"module-feature-image tf_textc tf_rel\">\n                            <span class=\"module-feature-chart-html5 tf_box tf_rel tf_inline_b\">\n                                    <svg class=\"tf_abs tf_w tf_h\">\n                    <circle class=\"tb_feature_fill\" r=\"calc(50% - 1.00px)\" cx=\"50%\" cy=\"50%\" stroke-width=\"2\"\/>\n                    <circle class=\"tb_feature_stroke\" r=\"calc(50% - 1.00px)\" cx=\"50%\" cy=\"50%\" stroke=\"#fe6500\" stroke-width=\"2\" data-progress=\"100\" stroke-dasharray=\"0,10000\"\/>\n                                        <\/svg>\n                                <span class=\"chart-html5-circle tf_w tf_h\">\n                                            <em class=\"module-feature-icon tf_rel\" style=\"color:#fe6500\"><svg  class=\"tf_fa tf-far-envelope-open\" aria-hidden=\"true\"><use href=\"#tf-far-envelope-open\"><\/use><\/svg><\/em>\n                                    <\/span>\n\n                \n            <\/span>\n                <\/div>\n    <div class=\"module-feature-content tf_textc\">\n                    <h3 class=\"module-feature-title\">\n                            E-Mail-Adresse und integriertes E-Mail-Programm                        <\/h3>\n                    <div class=\"tb_text_wrap\">\n            <p>Jeder Teilnehmende erh\u00e4lt eine eigene E-Mail-Adresse und kann das <a href=\"https:\/\/apps.nextcloud.com\/apps\/mail\">integrierte E-Mail-Programm von Nextcloud<\/a> nutzen. Verwalten Sie Ihre E-Mails zentralisiert und kommunizieren Sie einfach mit anderen Teilnehmenden.<\/p>        <\/div>\n    <\/div>\n<\/div>\n<!-- \/module feature -->\n        <\/div>\n                    <\/div>\n                <\/div>\n                        <\/div>\n        <\/div>\n                        <div  data-lazy=\"1\" class=\"module_row themify_builder_row tb_6e9b275 tf_w\">\n                        <div class=\"row_inner col_align_top tb_col_count_1 tf_box tf_rel\">\n                        <div  data-lazy=\"1\" class=\"module_column tb-column col-full tb_4t7s276 first\">\n                    <!-- module text -->\n<div  class=\"module module-text tb_xcst983   \" data-lazy=\"1\">\n        <div  class=\"tb_text_wrap\">\n        <p>Diese Funktionen sind nicht nur praktische Tools, sondern auch entscheidend f\u00fcr den Austausch von Ideen und Informationen innerhalb unserer Lerncommunity. Wir laden Sie ein, <a href=\"https:\/\/cloud.fwbarchiv.de\/\">Teil unseres digitalen Campus<\/a> zu werden und die M\u00f6glichkeiten von Nextcloud zu entdecken! Anmelden k\u00f6nnen Sie sich ganz einfach \u00fcber unser <a href=\"https:\/\/fwbarchiv.de\/de_de\/anmeldung\/\">Anmeldeformular<\/a>.<\/p>    <\/div>\n<\/div>\n<!-- \/module text -->        <\/div>\n                        <\/div>\n        <\/div>\n                        <div  data-lazy=\"1\" class=\"module_row themify_builder_row tb_99ad834 tf_w\">\n                        <div class=\"row_inner col_align_top tb_col_count_1 tf_box tf_rel\">\n                        <div  data-lazy=\"1\" class=\"module_column tb-column col-full tb_eqqd834 first\">\n                    <!-- module template_part -->\n<div  class=\"module module-layout-part tb_hem8807 \">\n    <div class=\"tb_layout_part_wrap tf_w\"><!--themify_builder_content-->\n    <div  class=\"themify_builder_content themify_builder_content-240 themify_builder not_editable_builder in_the_loop\" data-postid=\"240\">\n                        <div  data-lazy=\"1\" class=\"module_row themify_builder_row tb_am1a324 tf_w\">\n            <span  class=\"builder_row_cover tf_abs\" data-lazy=\"1\"><\/span>            <div class=\"row_inner col_align_top tb_col_count_1 tf_box tf_rel\">\n                        <div  data-lazy=\"1\" class=\"module_column tb-column col-full tb_5zc5324 first\">\n                    <!-- module text -->\n<div  class=\"module module-text tb_3pgt325   \" data-lazy=\"1\">\n        <div  class=\"tb_text_wrap\">\n        <h2>Melden Sie sich an und werden Sie Teil unserer internationalen Archivcommunity.<\/h2>    <\/div>\n<\/div>\n<!-- \/module text --><!-- module text -->\n<div  class=\"module module-text tb_nfs1324   \" data-lazy=\"1\">\n        <div  class=\"tb_text_wrap\">\n        <p>Wenn Sie von unserem Angebot \u00fcberzeugt sind, freuen wir uns \u00fcber Ihre Anmeldung! Nutzen Sie die Gelegenheit, um an unseren spannenden Bildungsmodulen teilzunehmen und wertvolle Kenntnisse zu erwerben.<\/p>    <\/div>\n<\/div>\n<!-- \/module text --><!-- module buttons -->\n<div  class=\"module module-buttons tb_buxn324 buttons-horizontal solid  xlarge\" data-lazy=\"1\">\n        <div class=\"module-buttons-item tf_in_flx\">\n                        <a href=\"https:\/\/fwbarchiv.de\/de_de\/anmeldung\/\" class=\"ui builder_button tf_in_flx tb_default_color\" >\n                                                Zur Anmeldung                                        <\/a>\n                <\/div>\n            <\/div>\n<!-- \/module buttons -->\n        <\/div>\n                        <\/div>\n        <\/div>\n            <\/div>\n<!--\/themify_builder_content--><\/div>\n<\/div>\n<!-- \/module template_part -->        <\/div>\n                        <\/div>\n        <\/div>\n        <\/div>\n<!--\/themify_builder_content-->\n\n\n\n<p><\/p>","protected":false},"excerpt":{"rendered":"","protected":false},"author":1,"featured_media":0,"parent":0,"menu_order":0,"comment_status":"closed","ping_status":"closed","template":"","meta":{"_monsterinsights_skip_tracking":false,"_monsterinsights_sitenote_active":false,"_monsterinsights_sitenote_note":"","_monsterinsights_sitenote_category":0,"footnotes":""},"class_list":["post-29","page","type-page","status-publish","hentry","has-post-title","has-post-date","has-post-category","has-post-tag","has-post-comment","has-post-author",""],"aioseo_notices":[],"_links":{"self":[{"href":"https:\/\/fwbarchiv.de\/de_de\/wp-json\/wp\/v2\/pages\/29","targetHints":{"allow":["GET"]}}],"collection":[{"href":"https:\/\/fwbarchiv.de\/de_de\/wp-json\/wp\/v2\/pages"}],"about":[{"href":"https:\/\/fwbarchiv.de\/de_de\/wp-json\/wp\/v2\/types\/page"}],"author":[{"embeddable":true,"href":"https:\/\/fwbarchiv.de\/de_de\/wp-json\/wp\/v2\/users\/1"}],"replies":[{"embeddable":true,"href":"https:\/\/fwbarchiv.de\/de_de\/wp-json\/wp\/v2\/comments?post=29"}],"version-history":[{"count":24,"href":"https:\/\/fwbarchiv.de\/de_de\/wp-json\/wp\/v2\/pages\/29\/revisions"}],"predecessor-version":[{"id":312,"href":"https:\/\/fwbarchiv.de\/de_de\/wp-json\/wp\/v2\/pages\/29\/revisions\/312"}],"wp:attachment":[{"href":"https:\/\/fwbarchiv.de\/de_de\/wp-json\/wp\/v2\/media?parent=29"}],"curies":[{"name":"wp","href":"https:\/\/api.w.org\/{rel}","templated":true}]}}