{"id":33,"date":"2024-12-04T11:08:58","date_gmt":"2024-12-04T10:08:58","guid":{"rendered":"https:\/\/fwbarchiv.de\/?page_id=33"},"modified":"2024-12-10T11:55:32","modified_gmt":"2024-12-10T10:55:32","slug":"digitales-archiv","status":"publish","type":"page","link":"https:\/\/fwbarchiv.de\/de_de\/digitales-archiv\/","title":{"rendered":"Digitales Archiv"},"content":{"rendered":"<!--themify_builder_content-->\n<div id=\"themify_builder_content-33\" data-postid=\"33\" class=\"themify_builder_content themify_builder_content-33 themify_builder tf_clear\">\n                    <div  data-lazy=\"1\" class=\"module_row themify_builder_row tb_n8ad957 tb_first tf_w\">\n                        <div class=\"row_inner col_align_top tb_col_count_1 tf_box tf_rel\">\n                        <div  data-lazy=\"1\" class=\"module_column tb-column col-full tb_vq0w957 first\">\n                    <!-- module text -->\n<div  class=\"module module-text tb_moz6681   \" data-lazy=\"1\">\n        <div  class=\"tb_text_wrap\">\n        <p>Unser Bildungsprojekt zur digitalen Archivierung nutzt die <a href=\"https:\/\/www.accesstomemory.org\/\">Open Source Software AtoM<\/a> (Access to Memory), die auf einem eigens eingerichteten Server betrieben wird. Dieser Ansatz erm\u00f6glicht es uns, den Lernprozess f\u00fcr alle Teilnehmenden anschaulich und interaktiv zu gestalten. Durch die praktische Anwendung von AtoM lernen die Teilnehmenden, wie digitale Archive strukturiert und effizient erstellt werden. Die Nutzung dieser Software f\u00f6rdert nicht nur das Verst\u00e4ndnis f\u00fcr digitale Archivierung, sondern auch die F\u00e4higkeiten zur Datenverwaltung und -erhaltung.<\/p>    <\/div>\n<\/div>\n<!-- \/module text -->        <\/div>\n                        <\/div>\n        <\/div>\n                        <div  data-css_id=\"9jfy800\" data-lazy=\"1\" class=\"module_row themify_builder_row fullwidth tb_9jfy800 tf_w\">\n                        <div class=\"row_inner col_align_middle gutter-none tb_col_count_4 tf_box tf_rel\">\n                        <div  data-lazy=\"1\" class=\"module_column tb-column col4-1 tb_wcac376 first\">\n                            <\/div>\n                    <div  data-lazy=\"1\" class=\"module_column tb-column col4-1 tb_s8dz800\">\n        <span  class=\"builder_row_cover tf_abs\" data-lazy=\"1\"><\/span>            <!-- module text -->\n<div  class=\"module module-text tb_t4du801   \" data-lazy=\"1\">\n        <div  class=\"tb_text_wrap\">\n        <h1>AtoM<\/h1>\n<h1>Access to Memory<\/h1>    <\/div>\n<\/div>\n<!-- \/module text --><!-- module divider -->\n<div  class=\"module tf_mw module-divider tb_tv2o802 solid  divider-custom divider-left\" style=\"border-width: 2px;border-color: #ffffff;margin-top: 10px;margin-bottom: 40px;max-width: 150px;\" data-lazy=\"1\">\n    <\/div>\n<!-- \/module divider -->\n<!-- module text -->\n<div  class=\"module module-text tb_smie802   \" data-lazy=\"1\">\n        <div  class=\"tb_text_wrap\">\n        <p style=\"text-align: left;\">AtoM ist ein leistungsstarkes, webbasiertes Archivinformationssystem, das speziell f\u00fcr die Erschlie\u00dfung und Vermittlung von Archivbest\u00e4nden entwickelt wurde. Es bietet eine benutzerfreundliche Oberfl\u00e4che und unterst\u00fctzt internationale Standards wie ISAD(G) und ISAAR(CPF).<\/p>\n<p style=\"text-align: left;\">Die Anbindung an eine solche Community ist besonders wertvoll, da sie den Zugang zu Ressourcen und kontinuierlichen Verbesserungen erm\u00f6glicht. So profitieren alle Beteiligten von den neuesten Entwicklungen und Erfahrungen im Bereich der digitalen Archivierung.<\/p>\n<p style=\"text-align: left;\">Zu den wichtigsten Vorteilen von AtoM geh\u00f6ren:<\/p>    <\/div>\n<\/div>\n<!-- \/module text -->        <\/div>\n                    <div  data-lazy=\"1\" class=\"module_column tb-column col4-1 tb_u4gz803\">\n                    <!-- module feature -->\n<div  class=\"module module-feature tb_rj8p803 with-chart layout-icon-left size-small \" data-layout-mobile=\"icon-top\" data-layout-desktop=\"icon-left\" data-lazy=\"1\">\n        <div class=\"module-feature-image tf_textc tf_rel\">\n                            <span class=\"module-feature-chart-html5 tf_box tf_rel tf_inline_b\">\n                                    <svg class=\"tf_abs tf_w tf_h\">\n                    <circle class=\"tb_feature_fill\" r=\"calc(50% - 1.50px)\" cx=\"50%\" cy=\"50%\" stroke-width=\"3\"\/>\n                    <circle class=\"tb_feature_stroke\" r=\"calc(50% - 1.50px)\" cx=\"50%\" cy=\"50%\" stroke=\"#fe6500\" stroke-width=\"3\" data-progress=\"100\" stroke-dasharray=\"0,10000\"\/>\n                                        <\/svg>\n                                <span class=\"chart-html5-circle tf_w tf_h\">\n                                            <em class=\"module-feature-icon tf_rel\" style=\"color:#fe6500\"><svg  class=\"tf_fa tf-ti-world\" aria-hidden=\"true\"><use href=\"#tf-ti-world\"><\/use><\/svg><\/em>\n                                    <\/span>\n\n                \n            <\/span>\n                <\/div>\n    <div class=\"module-feature-content tf_textc\">\n                    <h3 class=\"module-feature-title\">\n                            Webbasierte Zug\u00e4nglichkeit                        <\/h3>\n                    <div class=\"tb_text_wrap\">\n            <p>Nutzende k\u00f6nnen von \u00fcberall auf die Software zugreifen, was Flexibilit\u00e4t und Mobilit\u00e4t f\u00f6rdert.<\/p>        <\/div>\n    <\/div>\n<\/div>\n<!-- \/module feature -->\n<!-- module feature -->\n<div  class=\"module module-feature tb_pmfh803 with-chart layout-icon-left size-small \" data-layout-mobile=\"icon-top\" data-layout-desktop=\"icon-left\" data-lazy=\"1\">\n        <div class=\"module-feature-image tf_textc tf_rel\">\n                            <span class=\"module-feature-chart-html5 tf_box tf_rel tf_inline_b\">\n                                    <svg class=\"tf_abs tf_w tf_h\">\n                    <circle class=\"tb_feature_fill\" r=\"calc(50% - 1.50px)\" cx=\"50%\" cy=\"50%\" stroke-width=\"3\"\/>\n                    <circle class=\"tb_feature_stroke\" r=\"calc(50% - 1.50px)\" cx=\"50%\" cy=\"50%\" stroke=\"#fe6500\" stroke-width=\"3\" data-progress=\"100\" stroke-dasharray=\"0,10000\"\/>\n                                        <\/svg>\n                                <span class=\"chart-html5-circle tf_w tf_h\">\n                                            <em class=\"module-feature-icon tf_rel\" style=\"color:#fe6500\"><svg  class=\"tf_fa tf-ti-settings\" aria-hidden=\"true\"><use href=\"#tf-ti-settings\"><\/use><\/svg><\/em>\n                                    <\/span>\n\n                \n            <\/span>\n                <\/div>\n    <div class=\"module-feature-content tf_textc\">\n                    <h3 class=\"module-feature-title\">\n                            Open Source                        <\/h3>\n                    <div class=\"tb_text_wrap\">\n            <p>Die Software ist kostenlos verf\u00fcgbar, was die Kosten f\u00fcr Bildungseinrichtungen reduziert und Anpassungen erm\u00f6glicht.<\/p>        <\/div>\n    <\/div>\n<\/div>\n<!-- \/module feature -->\n<!-- module feature -->\n<div  class=\"module module-feature tb_sstw803 with-chart layout-icon-left size-small \" data-layout-mobile=\"icon-top\" data-layout-desktop=\"icon-left\" data-lazy=\"1\">\n        <div class=\"module-feature-image tf_textc tf_rel\">\n                            <span class=\"module-feature-chart-html5 tf_box tf_rel tf_inline_b\">\n                                    <svg class=\"tf_abs tf_w tf_h\">\n                    <circle class=\"tb_feature_fill\" r=\"calc(50% - 1.50px)\" cx=\"50%\" cy=\"50%\" stroke-width=\"3\"\/>\n                    <circle class=\"tb_feature_stroke\" r=\"calc(50% - 1.50px)\" cx=\"50%\" cy=\"50%\" stroke=\"#fe6500\" stroke-width=\"3\" data-progress=\"100\" stroke-dasharray=\"0,10000\"\/>\n                                        <\/svg>\n                                <span class=\"chart-html5-circle tf_w tf_h\">\n                                            <em class=\"module-feature-icon tf_rel\" style=\"color:#fe6500\"><svg  class=\"tf_fa tf-ti-stamp\" aria-hidden=\"true\"><use href=\"#tf-ti-stamp\"><\/use><\/svg><\/em>\n                                    <\/span>\n\n                \n            <\/span>\n                <\/div>\n    <div class=\"module-feature-content tf_textc\">\n                    <h3 class=\"module-feature-title\">\n                            Standardkonformit\u00e4t                        <\/h3>\n                    <div class=\"tb_text_wrap\">\n            <p>AtoM gew\u00e4hrleistet die Einhaltung internationaler Archivstandards, was die Qualit\u00e4t der Archivierung erh\u00f6ht.<\/p>        <\/div>\n    <\/div>\n<\/div>\n<!-- \/module feature -->\n<!-- module feature -->\n<div  class=\"module module-feature tb_naea803 with-chart layout-icon-left size-small \" data-layout-mobile=\"icon-top\" data-layout-desktop=\"icon-left\" data-lazy=\"1\">\n        <div class=\"module-feature-image tf_textc tf_rel\">\n                            <span class=\"module-feature-chart-html5 tf_box tf_rel tf_inline_b\">\n                                    <svg class=\"tf_abs tf_w tf_h\">\n                    <circle class=\"tb_feature_fill\" r=\"calc(50% - 1.50px)\" cx=\"50%\" cy=\"50%\" stroke-width=\"3\"\/>\n                    <circle class=\"tb_feature_stroke\" r=\"calc(50% - 1.50px)\" cx=\"50%\" cy=\"50%\" stroke=\"#fe6500\" stroke-width=\"3\" data-progress=\"100\" stroke-dasharray=\"0,10000\"\/>\n                                        <\/svg>\n                                <span class=\"chart-html5-circle tf_w tf_h\">\n                                            <em class=\"module-feature-icon tf_rel\" style=\"color:#fe6500\"><svg  class=\"tf_fa tf-ti-comments\" aria-hidden=\"true\"><use href=\"#tf-ti-comments\"><\/use><\/svg><\/em>\n                                    <\/span>\n\n                \n            <\/span>\n                <\/div>\n    <div class=\"module-feature-content tf_textc\">\n                    <h3 class=\"module-feature-title\">\n                            Aktive Community                        <\/h3>\n                    <div class=\"tb_text_wrap\">\n            <p>Die Unterst\u00fctzung durch eine engagierte Nutzendengemeinschaft f\u00f6rdert den Austausch von Wissen und Best Practices.<\/p>        <\/div>\n    <\/div>\n<\/div>\n<!-- \/module feature -->\n        <\/div>\n                    <div  data-lazy=\"1\" class=\"module_column tb-column col4-1 tb_gk9h376 last\">\n                            <\/div>\n                        <\/div>\n        <\/div>\n                        <div  data-lazy=\"1\" class=\"module_row themify_builder_row tb_nbak658 tf_w\">\n                        <div class=\"row_inner col_align_top tb_col_count_1 tf_box tf_rel\">\n                        <div  data-lazy=\"1\" class=\"module_column tb-column col-full tb_ku50658 first\">\n                    <!-- module fancy heading -->\n<div  class=\"module module-fancy-heading tb_r8vt225 \" data-lazy=\"1\">\n        <h1 class=\"fancy-heading\">\n    <span class=\"main-head tf_block\">\n                                <\/span>\n\n    \n    <span class=\"sub-head tf_block tf_rel\">\n                    Standards in der archivischen Verzeichnung            <\/span>\n    <\/h1>\n<\/div>\n<!-- \/module fancy heading -->\n        <\/div>\n                        <\/div>\n        <\/div>\n                        <div  data-lazy=\"1\" class=\"module_row themify_builder_row tb_x0cg635 tf_w\">\n                        <div class=\"row_inner col_align_top tb_col_count_1 tf_box tf_rel\">\n                        <div  data-lazy=\"1\" class=\"module_column tb-column col-full tb_3ofl635 first\">\n                    <!-- module text -->\n<div  class=\"module module-text tb_joxy660   \" data-lazy=\"1\">\n        <div  class=\"tb_text_wrap\">\n        <p>ISAD(G) und ISAAR(CPF) sind wichtige internationale Standards, die die Archivierung und Beschreibung von Dokumenten verbessern.<\/p>\n<p><a href=\"https:\/\/www.ica.org\/resource\/isadg-general-international-standard-archival-description-second-edition\/\"><strong>ISAD(G)<\/strong><\/a>\u00a0steht f\u00fcr &#8220;International Standard Archival Description&#8221;. Dieser Standard legt fest, wie Archivgut beschrieben werden sollte. Er erm\u00f6glicht eine klare Struktur, die von gro\u00dfen Archiven bis hin zu einzelnen Dokumenten reicht. Dadurch finden Nutzer<em>innen schneller, was sie suchen. ISAD(G) f\u00f6rdert auch den Austausch von Informationen zwischen verschiedenen Archiven. So k\u00f6nnen Nutzer<\/em>innen \u00fcber Archivgrenzen hinweg besser recherchieren.<\/p>\n<p><a href=\"https:\/\/www.ica.org\/resource\/isaar-cpf-international-standard-archival-authority-record-for-corporate-bodies-persons-and-families-2nd-edition\/\"><strong>ISAAR(CPF)<\/strong><\/a>\u00a0bedeutet &#8220;International Standard Archival Authority Record for Corporate Bodies, Persons and Families&#8221;. Dieser Standard hilft dabei, Informationen \u00fcber Personen und Organisationen zu sammeln, die mit Archivgut verbunden sind. Durch ISAAR(CPF) wird sichergestellt, dass diese Daten einheitlich erfasst werden. Das erh\u00f6ht die Qualit\u00e4t der archivischen Beschreibung und macht es einfacher, relevante Informationen zu finden.<\/p>\n<p>Die Anwendung dieser Standards hat viele Vorteile. Sie sorgen f\u00fcr eine hohe Datenqualit\u00e4t und machen die Nutzung von Archiven einfacher. Zudem f\u00f6rdern sie den Austausch von Informationen zwischen verschiedenen Institutionen. So wird eine professionelle und standardisierte Archivarbeit erm\u00f6glicht, die sowohl national als auch international anerkannt ist.<\/p>    <\/div>\n<\/div>\n<!-- \/module text -->        <\/div>\n                        <\/div>\n        <\/div>\n                        <div  data-lazy=\"1\" class=\"module_row themify_builder_row tb_fmpw478 tf_w\">\n                        <div class=\"row_inner col_align_top tb_col_count_1 tf_box tf_rel\">\n                        <div  data-lazy=\"1\" class=\"module_column tb-column col-full tb_9x02478 first\">\n                    <!-- module template_part -->\n<div  class=\"module module-layout-part tb_qi7e53 \">\n    <div class=\"tb_layout_part_wrap tf_w\"><!--themify_builder_content-->\n    <div  class=\"themify_builder_content themify_builder_content-240 themify_builder not_editable_builder in_the_loop\" data-postid=\"240\">\n                        <div  data-lazy=\"1\" class=\"module_row themify_builder_row tb_am1a324 tf_w\">\n            <span  class=\"builder_row_cover tf_abs\" data-lazy=\"1\"><\/span>            <div class=\"row_inner col_align_top tb_col_count_1 tf_box tf_rel\">\n                        <div  data-lazy=\"1\" class=\"module_column tb-column col-full tb_5zc5324 first\">\n                    <!-- module text -->\n<div  class=\"module module-text tb_3pgt325   \" data-lazy=\"1\">\n        <div  class=\"tb_text_wrap\">\n        <h2>Melden Sie sich an und werden Sie Teil unserer internationalen Archivcommunity.<\/h2>    <\/div>\n<\/div>\n<!-- \/module text --><!-- module text -->\n<div  class=\"module module-text tb_nfs1324   \" data-lazy=\"1\">\n        <div  class=\"tb_text_wrap\">\n        <p>Wenn Sie von unserem Angebot \u00fcberzeugt sind, freuen wir uns \u00fcber Ihre Anmeldung! Nutzen Sie die Gelegenheit, um an unseren spannenden Bildungsmodulen teilzunehmen und wertvolle Kenntnisse zu erwerben.<\/p>    <\/div>\n<\/div>\n<!-- \/module text --><!-- module buttons -->\n<div  class=\"module module-buttons tb_buxn324 buttons-horizontal solid  xlarge\" data-lazy=\"1\">\n        <div class=\"module-buttons-item tf_in_flx\">\n                        <a href=\"https:\/\/fwbarchiv.de\/de_de\/anmeldung\/\" class=\"ui builder_button tf_in_flx tb_default_color\" >\n                                                Zur Anmeldung                                        <\/a>\n                <\/div>\n            <\/div>\n<!-- \/module buttons -->\n        <\/div>\n                        <\/div>\n        <\/div>\n            <\/div>\n<!--\/themify_builder_content--><\/div>\n<\/div>\n<!-- \/module template_part -->        <\/div>\n                        <\/div>\n        <\/div>\n        <\/div>\n<!--\/themify_builder_content-->","protected":false},"excerpt":{"rendered":"<p>Unser Bildungsprojekt zur digitalen Archivierung nutzt die Open Source Software AtoM (Access to Memory), die auf einem eigens eingerichteten Server betrieben wird. Dieser Ansatz erm\u00f6glicht es uns, den Lernprozess f\u00fcr alle Teilnehmenden anschaulich und interaktiv zu gestalten. Durch die praktische Anwendung von AtoM lernen die Teilnehmenden, wie digitale Archive strukturiert und effizient erstellt werden. Die [&hellip;]<\/p>\n","protected":false},"author":1,"featured_media":0,"parent":0,"menu_order":0,"comment_status":"closed","ping_status":"closed","template":"","meta":{"_monsterinsights_skip_tracking":false,"_monsterinsights_sitenote_active":false,"_monsterinsights_sitenote_note":"","_monsterinsights_sitenote_category":0,"footnotes":""},"class_list":["post-33","page","type-page","status-publish","hentry","has-post-title","has-post-date","has-post-category","has-post-tag","has-post-comment","has-post-author",""],"aioseo_notices":[],"_links":{"self":[{"href":"https:\/\/fwbarchiv.de\/de_de\/wp-json\/wp\/v2\/pages\/33","targetHints":{"allow":["GET"]}}],"collection":[{"href":"https:\/\/fwbarchiv.de\/de_de\/wp-json\/wp\/v2\/pages"}],"about":[{"href":"https:\/\/fwbarchiv.de\/de_de\/wp-json\/wp\/v2\/types\/page"}],"author":[{"embeddable":true,"href":"https:\/\/fwbarchiv.de\/de_de\/wp-json\/wp\/v2\/users\/1"}],"replies":[{"embeddable":true,"href":"https:\/\/fwbarchiv.de\/de_de\/wp-json\/wp\/v2\/comments?post=33"}],"version-history":[{"count":52,"href":"https:\/\/fwbarchiv.de\/de_de\/wp-json\/wp\/v2\/pages\/33\/revisions"}],"predecessor-version":[{"id":416,"href":"https:\/\/fwbarchiv.de\/de_de\/wp-json\/wp\/v2\/pages\/33\/revisions\/416"}],"wp:attachment":[{"href":"https:\/\/fwbarchiv.de\/de_de\/wp-json\/wp\/v2\/media?parent=33"}],"curies":[{"name":"wp","href":"https:\/\/api.w.org\/{rel}","templated":true}]}}