{"id":53,"date":"2024-12-04T11:42:53","date_gmt":"2024-12-04T10:42:53","guid":{"rendered":"https:\/\/fwbarchiv.de\/?page_id=53"},"modified":"2024-12-18T17:46:22","modified_gmt":"2024-12-18T16:46:22","slug":"impressum","status":"publish","type":"page","link":"https:\/\/fwbarchiv.de\/de_de\/impressum\/","title":{"rendered":"Impressum"},"content":{"rendered":"<!--themify_builder_content-->\n<div id=\"themify_builder_content-53\" data-postid=\"53\" class=\"themify_builder_content themify_builder_content-53 themify_builder tf_clear\">\n                    <div  data-lazy=\"1\" class=\"module_row themify_builder_row tb_wm6m210 tb_first tf_w\">\n                        <div class=\"row_inner col_align_top tb_col_count_1 tf_box tf_rel\">\n                        <div  data-lazy=\"1\" class=\"module_column tb-column col-full tb_ns7l211 first\">\n                            <div  data-lazy=\"1\" class=\"module_subrow themify_builder_sub_row tf_w col_align_middle gutter-none tb_col_count_2 tb_8dm8211\">\n                <div  data-lazy=\"1\" class=\"module_column sub_column tb_d71b212 first\">\n                    <!-- module fancy heading -->\n<div  class=\"module module-fancy-heading tb_solq212 \" data-lazy=\"1\">\n        <h2 class=\"fancy-heading tf_textl\">\n    <span class=\"main-head tf_block\">\n                    Impressum            <\/span>\n\n    \n    <span class=\"sub-head tf_block tf_rel\">\n                    medienfux gemeinn\u00fctzige GmbH            <\/span>\n    <\/h2>\n<\/div>\n<!-- \/module fancy heading -->\n<!-- module text -->\n<div  class=\"module module-text tb_swis213   \" data-lazy=\"1\">\n        <div  class=\"tb_text_wrap\">\n        <p>Das Bildungsprojekt\u00a0<strong>Archiv International<\/strong>\u00a0wird von der\u00a0<a href=\"https:\/\/medienfux.de\"><strong>medienfux gemeinn\u00fctzige GmbH<\/strong><\/a>\u00a0getragen. Dieses Projekt hat sich zum Ziel gesetzt, kleine und mittlere Archive im internationalen Kontext durch praxisnahe Weiterbildung zur Digitalisierung, zum Erhalt von Archivalien und zur Provenienzforschung f\u00fcr Mitarbeitende zu unterst\u00fctzen.<\/p>\n<p><strong>Adresse<\/strong><br \/>Johann-Meyer-Str. 4<br \/>01097 Dresden<br \/>Deutschland<\/p>\n<p><strong>Vertreten durch:<\/strong><br \/>Frau Peg Koedel (Gesch\u00e4ftsf\u00fchrerin)<\/p>\n<p><strong>Kontakt:<\/strong><br \/>E-Mail:\u00a0<a class=\"break-word hover:text-super hover:decoration-super dark:hover:text-superDark dark:hover:decoration-superDark underline decoration-from-font underline-offset-1 transition-all duration-300\" href=\"mailto:info@fwbarchiv.de\" target=\"_blank\" rel=\"nofollow noopener\">info@fwbarchiv.de<\/a><\/p>\n<p><strong>Registergericht:<\/strong><br \/>Amtsgericht Dresden<\/p>\n<p><strong>Handelsregisternummer:<\/strong><br \/>HRB 32084<\/p>\n<p><strong>Steuernummer:<\/strong><br \/>202\/142\/10658<\/p>\n<p><strong>Umsatzsteuer-Identifikationsnummer:<\/strong><br \/>DE308317517\u00a0<\/p>\n<p>Dieses Impressum enth\u00e4lt alle erforderlichen Pflichtangaben gem\u00e4\u00df den gesetzlichen Vorgaben.<\/p>    <\/div>\n<\/div>\n<!-- \/module text --><!-- module buttons -->\n<div  class=\"module module-buttons tb_gma6702 buttons-horizontal solid  \" data-lazy=\"1\">\n        <div class=\"module-buttons-item tf_in_flx\">\n                        <a href=\"mailto:info@fwbarchiv.de\" class=\"ui builder_button tf_in_flx tb_default_color\" >\n                                    <em><svg  class=\"tf_fa tf-ti-email\" aria-hidden=\"true\"><use href=\"#tf-ti-email\"><\/use><\/svg><\/em>                                        Kontakt                                        <\/a>\n                <\/div>\n            <\/div>\n<!-- \/module buttons -->\n        <\/div>\n                    <div  data-lazy=\"1\" class=\"module_column sub_column tb_ba0v213 last\">\n                            <\/div>\n                    <\/div>\n                <\/div>\n                        <\/div>\n        <\/div>\n        <\/div>\n<!--\/themify_builder_content-->\n\n\n<p><\/p>","protected":false},"excerpt":{"rendered":"","protected":false},"author":1,"featured_media":0,"parent":0,"menu_order":0,"comment_status":"closed","ping_status":"closed","template":"","meta":{"_monsterinsights_skip_tracking":false,"_monsterinsights_sitenote_active":false,"_monsterinsights_sitenote_note":"","_monsterinsights_sitenote_category":0,"footnotes":""},"class_list":["post-53","page","type-page","status-publish","hentry","has-post-title","has-post-date","has-post-category","has-post-tag","has-post-comment","has-post-author",""],"aioseo_notices":[],"_links":{"self":[{"href":"https:\/\/fwbarchiv.de\/de_de\/wp-json\/wp\/v2\/pages\/53","targetHints":{"allow":["GET"]}}],"collection":[{"href":"https:\/\/fwbarchiv.de\/de_de\/wp-json\/wp\/v2\/pages"}],"about":[{"href":"https:\/\/fwbarchiv.de\/de_de\/wp-json\/wp\/v2\/types\/page"}],"author":[{"embeddable":true,"href":"https:\/\/fwbarchiv.de\/de_de\/wp-json\/wp\/v2\/users\/1"}],"replies":[{"embeddable":true,"href":"https:\/\/fwbarchiv.de\/de_de\/wp-json\/wp\/v2\/comments?post=53"}],"version-history":[{"count":23,"href":"https:\/\/fwbarchiv.de\/de_de\/wp-json\/wp\/v2\/pages\/53\/revisions"}],"predecessor-version":[{"id":447,"href":"https:\/\/fwbarchiv.de\/de_de\/wp-json\/wp\/v2\/pages\/53\/revisions\/447"}],"wp:attachment":[{"href":"https:\/\/fwbarchiv.de\/de_de\/wp-json\/wp\/v2\/media?parent=53"}],"curies":[{"name":"wp","href":"https:\/\/api.w.org\/{rel}","templated":true}]}}