{"id":35,"date":"2024-12-04T11:09:53","date_gmt":"2024-12-04T10:09:53","guid":{"rendered":"https:\/\/fwbarchiv.de\/?page_id=35"},"modified":"2026-02-17T12:26:10","modified_gmt":"2026-02-17T11:26:10","slug":"anmeldung","status":"publish","type":"page","link":"https:\/\/fwbarchiv.de\/en\/anmeldung\/","title":{"rendered":"Registration"},"content":{"rendered":"<p>Before you register for our courses in the educational project Archiv International, we would like to point out that it is mandatory to read our <a href=\"https:\/\/fwbarchiv.de\/en\/vertragsbedingungen\/\">General Terms and Conditions (GTC)<\/a> as well as the <a href=\"https:\/\/fwbarchiv.de\/en\/datenschutz\/\">privacy policy<\/a> to read and accept.<\/p>\n<p>Bitte beachten Sie, dass Ihre Anmeldung nur dann bearbeitet werden kann, wenn Sie uns best\u00e4tigen, dass Sie die Allgemeinen Gesch\u00e4ftsbedingungen, die Datenschutzbedingungen und die Kenntnisnahme der Kursgeb\u00fchr sowie deren Zahlung im Voraus best\u00e4tigen. Diese Best\u00e4tigung sowie die Anmeldung zum Kurs k\u00f6nnen Sie uns <a href=\"mailto: info@fwbarchiv.de\">via Email<\/a> zukommen lassen.<\/p>\n<p>Thank you for your understanding!<\/p>\n<p><!--themify_builder_static--><!--\/themify_builder_static--><\/p>","protected":false},"excerpt":{"rendered":"<p>Bevor Sie sich f\u00fcr unsere Kurse im Bildungsprojekt Archiv International anmelden, m\u00f6chten wir Sie darauf hinweisen, dass es zwingend erforderlich ist, unsere Allgemeinen Gesch\u00e4ftsbedingungen (AGB) sowie die Datenschutzbedingungen zu lesen und zu akzeptieren. Bitte beachten Sie, dass Ihre Anmeldung nur dann bearbeitet werden kann, wenn Sie uns best\u00e4tigen, dass Sie die Allgemeinen Gesch\u00e4ftsbedingungen, die Datenschutzbedingungen [&hellip;]<\/p>\n","protected":false},"author":1,"featured_media":0,"parent":0,"menu_order":0,"comment_status":"closed","ping_status":"closed","template":"","meta":{"_monsterinsights_skip_tracking":false,"_monsterinsights_sitenote_active":false,"_monsterinsights_sitenote_note":"","_monsterinsights_sitenote_category":0,"footnotes":""},"class_list":["post-35","page","type-page","status-publish","hentry","has-post-title","has-post-date","has-post-category","has-post-tag","has-post-comment","has-post-author",""],"aioseo_notices":[],"_links":{"self":[{"href":"https:\/\/fwbarchiv.de\/en\/wp-json\/wp\/v2\/pages\/35","targetHints":{"allow":["GET"]}}],"collection":[{"href":"https:\/\/fwbarchiv.de\/en\/wp-json\/wp\/v2\/pages"}],"about":[{"href":"https:\/\/fwbarchiv.de\/en\/wp-json\/wp\/v2\/types\/page"}],"author":[{"embeddable":true,"href":"https:\/\/fwbarchiv.de\/en\/wp-json\/wp\/v2\/users\/1"}],"replies":[{"embeddable":true,"href":"https:\/\/fwbarchiv.de\/en\/wp-json\/wp\/v2\/comments?post=35"}],"version-history":[{"count":28,"href":"https:\/\/fwbarchiv.de\/en\/wp-json\/wp\/v2\/pages\/35\/revisions"}],"predecessor-version":[{"id":502,"href":"https:\/\/fwbarchiv.de\/en\/wp-json\/wp\/v2\/pages\/35\/revisions\/502"}],"wp:attachment":[{"href":"https:\/\/fwbarchiv.de\/en\/wp-json\/wp\/v2\/media?parent=35"}],"curies":[{"name":"wp","href":"https:\/\/api.w.org\/{rel}","templated":true}]}}